{"id":1097,"date":"2026-03-18T05:07:35","date_gmt":"2026-03-18T05:07:35","guid":{"rendered":"https:\/\/vandvingetek.com\/?page_id=1097"},"modified":"2026-03-18T15:59:20","modified_gmt":"2026-03-18T15:59:20","slug":"sqm-nitratos-yodo-sistema-de-gestion","status":"publish","type":"page","link":"https:\/\/vandvingetek.com\/index.php\/sqm-nitratos-yodo-sistema-de-gestion\/","title":{"rendered":"SQM Nitratos Yodo Sistema de Gesti\u00f3n"},"content":{"rendered":"\n<div class=\"gb-element-26fc3260\"><\/div>\n\n\n\n<div class=\"gb-element-854b4927\">\n<div class=\"gb-element-a52a3def\">\n<div class=\"gb-element-f5bd9dbe\">\n<div class=\"gb-element-8fcb422f\">\n<h2 class=\"gb-text gb-text-a79e8059\"><strong>SQM Nitratos Yodo&nbsp;<strong>Sistema de Gesti\u00f3n<\/strong><\/strong><\/h2>\n\n\n\n<p class=\"gb-text gb-text-121ae363\"><strong>SQM Nitratos Yodo<\/strong>, ha puesto en marcha uno de los proyectos m\u00e1s ambiciosos de la industria global del yodo: <strong>Tente en el Aire (TEA)<\/strong>, una iniciativa de US$350 millones que duplicar\u00e1 su capacidad productiva hasta 23.000 toneladas anuales, apoyada en un sistema de impulsi\u00f3n de agua de mar de 900 l\/s, \u00fanico en su tipo.<\/p>\n\n\n\n<p class=\"gb-text gb-text-e5096c0e\"><br>Para asegurar la sostenibilidad t\u00e9cnica y econ\u00f3mica de este caso de negocio sin precedentes, la compa\u00f1\u00eda ha confiado en <strong>VANDV Ingenier\u00eda<\/strong> para dise\u00f1ar e implementar el <strong>Sistema de Gesti\u00f3n del Mantenimiento del SIAM\u2011TEA (SM SIAM TEA)<\/strong>, un componente cr\u00edtico para garantizar una vida \u00fatil m\u00ednima de 20 a\u00f1os y la continuidad operacional que sustenta el EBITDA proyectado.<\/p>\n\n\n\n<p class=\"gb-text gb-text-8a867f86\"><br>El SIAM\u2011TEA, con m\u00e1s de 44 km de tuber\u00edas de alta presi\u00f3n que ascienden desde Puerto Patillo hasta Pampa Hermosa, enfrenta amenazas severas como corrosi\u00f3n interna y externa, variabilidad clim\u00e1tica, operaci\u00f3n fuera de rango seguro y exigencias geot\u00e9cnicas propias del norte de Chile. En este contexto, la adopci\u00f3n de marcos internacionales como <strong>ASME B31.8S, API 1160, ISO 55000, ISO 31000, ISO 14224, API 581 e IEC 60300<\/strong> permite a SQM operar bajo est\u00e1ndares equivalentes a los de la industria energ\u00e9tica global, alineando el proyecto con su Sistema de Gesti\u00f3n Integrado (SGI) y fortaleciendo la resiliencia organizacional frente a riesgos operacionales y ambientales.<\/p>\n\n\n\n<p class=\"gb-text gb-text-3a106958\"><br>Bajo esta visi\u00f3n, el sistema de mantenimiento se convierte en una <strong>herramienta estrat\u00e9gica para la gesti\u00f3n de activos cr\u00edticos<\/strong>, integrando principios de mantenimiento basado en riesgo, prevenci\u00f3n, monitoreo y respuesta. Este enfoque permite priorizar fallas potenciales en equipos est\u00e1ticos (<strong>Pipeline y Piping<\/strong>), rotativos, sistemas el\u00e9ctricos, instrumentaci\u00f3n y estructuras, asegurando la integridad del sistema y la sostenibilidad del negocio. Con la implementaci\u00f3n del <strong>SM\u2011SIAM\u2011TEA<\/strong>, SQM Nitratos Yodo, no solo protege su inversi\u00f3n, sino que consolida una ventaja competitiva basada en confiabilidad, continuidad h\u00eddrica y excelencia operacional en uno de los entornos m\u00e1s desafiantes del mundo.<br><br><\/p>\n<\/div>\n\n\n\n<div class=\"gb-element-f6be6cb5\">\n<figure class=\"wp-block-image size-full is-resized\"><img loading=\"lazy\" decoding=\"async\" width=\"1024\" height=\"1024\" src=\"https:\/\/vandvingetek.com\/wp-content\/uploads\/2026\/03\/Gemini_Generated_Image_ksw1k4ksw1k4ksw1.png\" alt=\"\" class=\"wp-image-1147\" style=\"object-fit:cover;width:400px;height:auto\" srcset=\"https:\/\/vandvingetek.com\/wp-content\/uploads\/2026\/03\/Gemini_Generated_Image_ksw1k4ksw1k4ksw1.png 1024w, https:\/\/vandvingetek.com\/wp-content\/uploads\/2026\/03\/Gemini_Generated_Image_ksw1k4ksw1k4ksw1-300x300.png 300w, https:\/\/vandvingetek.com\/wp-content\/uploads\/2026\/03\/Gemini_Generated_Image_ksw1k4ksw1k4ksw1-150x150.png 150w, https:\/\/vandvingetek.com\/wp-content\/uploads\/2026\/03\/Gemini_Generated_Image_ksw1k4ksw1k4ksw1-768x768.png 768w\" sizes=\"auto, (max-width: 1024px) 100vw, 1024px\" \/><\/figure>\n<\/div>\n<\/div>\n<\/div>\n<\/div>\n","protected":false},"excerpt":{"rendered":"<p>SQM Nitratos Yodo&nbsp;Sistema de Gesti\u00f3n SQM Nitratos Yodo, ha puesto en marcha uno de los proyectos m\u00e1s ambiciosos de la industria global del yodo: Tente en el Aire (TEA), una iniciativa de US$350 millones que duplicar\u00e1 su capacidad productiva hasta 23.000 toneladas anuales, apoyada en un sistema de impulsi\u00f3n de agua de mar de 900 &#8230; <a title=\"SQM Nitratos Yodo Sistema de Gesti\u00f3n\" class=\"read-more\" href=\"https:\/\/vandvingetek.com\/index.php\/sqm-nitratos-yodo-sistema-de-gestion\/\" aria-label=\"M\u00e1s en SQM Nitratos Yodo Sistema de Gesti\u00f3n\">Leer m\u00e1s<\/a><\/p>\n","protected":false},"author":1,"featured_media":0,"parent":0,"menu_order":0,"comment_status":"closed","ping_status":"closed","template":"","meta":{"footnotes":""},"class_list":["post-1097","page","type-page","status-publish"],"yoast_head":"<!-- This site is optimized with the Yoast SEO plugin v26.7 - https:\/\/yoast.com\/wordpress\/plugins\/seo\/ -->\n<title>SQM Nitratos Yodo Sistema de Gesti\u00f3n - VANDV INGENIERIA<\/title>\n<meta name=\"robots\" content=\"index, follow, max-snippet:-1, max-image-preview:large, max-video-preview:-1\" \/>\n<link rel=\"canonical\" href=\"https:\/\/vandvingetek.com\/index.php\/sqm-nitratos-yodo-sistema-de-gestion\/\" \/>\n<meta property=\"og:locale\" content=\"es_ES\" \/>\n<meta property=\"og:type\" content=\"article\" \/>\n<meta property=\"og:title\" content=\"SQM Nitratos Yodo Sistema de Gesti\u00f3n - VANDV INGENIERIA\" \/>\n<meta property=\"og:description\" content=\"SQM Nitratos Yodo&nbsp;Sistema de Gesti\u00f3n SQM Nitratos Yodo, ha puesto en marcha uno de los proyectos m\u00e1s ambiciosos de la industria global del yodo: Tente en el Aire (TEA), una iniciativa de US$350 millones que duplicar\u00e1 su capacidad productiva hasta 23.000 toneladas anuales, apoyada en un sistema de impulsi\u00f3n de agua de mar de 900 ... Leer m\u00e1s\" \/>\n<meta property=\"og:url\" content=\"https:\/\/vandvingetek.com\/index.php\/sqm-nitratos-yodo-sistema-de-gestion\/\" \/>\n<meta property=\"og:site_name\" content=\"VANDV INGENIERIA\" \/>\n<meta property=\"article:modified_time\" content=\"2026-03-18T15:59:20+00:00\" \/>\n<meta property=\"og:image\" content=\"https:\/\/vandvingetek.com\/wp-content\/uploads\/2026\/03\/Gemini_Generated_Image_ksw1k4ksw1k4ksw1.png\" \/>\n\t<meta property=\"og:image:width\" content=\"1024\" \/>\n\t<meta property=\"og:image:height\" content=\"1024\" \/>\n\t<meta property=\"og:image:type\" content=\"image\/png\" \/>\n<meta name=\"twitter:card\" content=\"summary_large_image\" \/>\n<meta name=\"twitter:label1\" content=\"Tiempo de lectura\" \/>\n\t<meta name=\"twitter:data1\" content=\"2 minutos\" \/>\n<script type=\"application\/ld+json\" class=\"yoast-schema-graph\">{\"@context\":\"https:\/\/schema.org\",\"@graph\":[{\"@type\":\"WebPage\",\"@id\":\"https:\/\/vandvingetek.com\/index.php\/sqm-nitratos-yodo-sistema-de-gestion\/\",\"url\":\"https:\/\/vandvingetek.com\/index.php\/sqm-nitratos-yodo-sistema-de-gestion\/\",\"name\":\"SQM Nitratos Yodo Sistema de Gesti\u00f3n - VANDV INGENIERIA\",\"isPartOf\":{\"@id\":\"https:\/\/vandvingetek.com\/#website\"},\"primaryImageOfPage\":{\"@id\":\"https:\/\/vandvingetek.com\/index.php\/sqm-nitratos-yodo-sistema-de-gestion\/#primaryimage\"},\"image\":{\"@id\":\"https:\/\/vandvingetek.com\/index.php\/sqm-nitratos-yodo-sistema-de-gestion\/#primaryimage\"},\"thumbnailUrl\":\"https:\/\/vandvingetek.com\/wp-content\/uploads\/2026\/03\/Gemini_Generated_Image_ksw1k4ksw1k4ksw1.png\",\"datePublished\":\"2026-03-18T05:07:35+00:00\",\"dateModified\":\"2026-03-18T15:59:20+00:00\",\"breadcrumb\":{\"@id\":\"https:\/\/vandvingetek.com\/index.php\/sqm-nitratos-yodo-sistema-de-gestion\/#breadcrumb\"},\"inLanguage\":\"es\",\"potentialAction\":[{\"@type\":\"ReadAction\",\"target\":[\"https:\/\/vandvingetek.com\/index.php\/sqm-nitratos-yodo-sistema-de-gestion\/\"]}]},{\"@type\":\"ImageObject\",\"inLanguage\":\"es\",\"@id\":\"https:\/\/vandvingetek.com\/index.php\/sqm-nitratos-yodo-sistema-de-gestion\/#primaryimage\",\"url\":\"https:\/\/vandvingetek.com\/wp-content\/uploads\/2026\/03\/Gemini_Generated_Image_ksw1k4ksw1k4ksw1.png\",\"contentUrl\":\"https:\/\/vandvingetek.com\/wp-content\/uploads\/2026\/03\/Gemini_Generated_Image_ksw1k4ksw1k4ksw1.png\",\"width\":1024,\"height\":1024},{\"@type\":\"BreadcrumbList\",\"@id\":\"https:\/\/vandvingetek.com\/index.php\/sqm-nitratos-yodo-sistema-de-gestion\/#breadcrumb\",\"itemListElement\":[{\"@type\":\"ListItem\",\"position\":1,\"name\":\"Portada\",\"item\":\"https:\/\/vandvingetek.com\/\"},{\"@type\":\"ListItem\",\"position\":2,\"name\":\"SQM Nitratos Yodo Sistema de Gesti\u00f3n\"}]},{\"@type\":\"WebSite\",\"@id\":\"https:\/\/vandvingetek.com\/#website\",\"url\":\"https:\/\/vandvingetek.com\/\",\"name\":\"VANDV INGENIERIA\",\"description\":\"\",\"publisher\":{\"@id\":\"https:\/\/vandvingetek.com\/#organization\"},\"potentialAction\":[{\"@type\":\"SearchAction\",\"target\":{\"@type\":\"EntryPoint\",\"urlTemplate\":\"https:\/\/vandvingetek.com\/?s={search_term_string}\"},\"query-input\":{\"@type\":\"PropertyValueSpecification\",\"valueRequired\":true,\"valueName\":\"search_term_string\"}}],\"inLanguage\":\"es\"},{\"@type\":\"Organization\",\"@id\":\"https:\/\/vandvingetek.com\/#organization\",\"name\":\"VANDV INGENIERIA\",\"url\":\"https:\/\/vandvingetek.com\/\",\"logo\":{\"@type\":\"ImageObject\",\"inLanguage\":\"es\",\"@id\":\"https:\/\/vandvingetek.com\/#\/schema\/logo\/image\/\",\"url\":\"https:\/\/vandvingetek.com\/wp-content\/uploads\/2026\/01\/logo-vandv-ingtek-01_v2-06-scaled.png\",\"contentUrl\":\"https:\/\/vandvingetek.com\/wp-content\/uploads\/2026\/01\/logo-vandv-ingtek-01_v2-06-scaled.png\",\"width\":2560,\"height\":555,\"caption\":\"VANDV INGENIERIA\"},\"image\":{\"@id\":\"https:\/\/vandvingetek.com\/#\/schema\/logo\/image\/\"}}]}<\/script>\n<!-- \/ Yoast SEO plugin. -->","yoast_head_json":{"title":"SQM Nitratos Yodo Sistema de Gesti\u00f3n - VANDV INGENIERIA","robots":{"index":"index","follow":"follow","max-snippet":"max-snippet:-1","max-image-preview":"max-image-preview:large","max-video-preview":"max-video-preview:-1"},"canonical":"https:\/\/vandvingetek.com\/index.php\/sqm-nitratos-yodo-sistema-de-gestion\/","og_locale":"es_ES","og_type":"article","og_title":"SQM Nitratos Yodo Sistema de Gesti\u00f3n - VANDV INGENIERIA","og_description":"SQM Nitratos Yodo&nbsp;Sistema de Gesti\u00f3n SQM Nitratos Yodo, ha puesto en marcha uno de los proyectos m\u00e1s ambiciosos de la industria global del yodo: Tente en el Aire (TEA), una iniciativa de US$350 millones que duplicar\u00e1 su capacidad productiva hasta 23.000 toneladas anuales, apoyada en un sistema de impulsi\u00f3n de agua de mar de 900 ... Leer m\u00e1s","og_url":"https:\/\/vandvingetek.com\/index.php\/sqm-nitratos-yodo-sistema-de-gestion\/","og_site_name":"VANDV INGENIERIA","article_modified_time":"2026-03-18T15:59:20+00:00","og_image":[{"url":"https:\/\/vandvingetek.com\/wp-content\/uploads\/2026\/03\/Gemini_Generated_Image_ksw1k4ksw1k4ksw1.png","width":1024,"height":1024,"type":"image\/png"}],"twitter_card":"summary_large_image","twitter_misc":{"Tiempo de lectura":"2 minutos"},"schema":{"@context":"https:\/\/schema.org","@graph":[{"@type":"WebPage","@id":"https:\/\/vandvingetek.com\/index.php\/sqm-nitratos-yodo-sistema-de-gestion\/","url":"https:\/\/vandvingetek.com\/index.php\/sqm-nitratos-yodo-sistema-de-gestion\/","name":"SQM Nitratos Yodo Sistema de Gesti\u00f3n - VANDV INGENIERIA","isPartOf":{"@id":"https:\/\/vandvingetek.com\/#website"},"primaryImageOfPage":{"@id":"https:\/\/vandvingetek.com\/index.php\/sqm-nitratos-yodo-sistema-de-gestion\/#primaryimage"},"image":{"@id":"https:\/\/vandvingetek.com\/index.php\/sqm-nitratos-yodo-sistema-de-gestion\/#primaryimage"},"thumbnailUrl":"https:\/\/vandvingetek.com\/wp-content\/uploads\/2026\/03\/Gemini_Generated_Image_ksw1k4ksw1k4ksw1.png","datePublished":"2026-03-18T05:07:35+00:00","dateModified":"2026-03-18T15:59:20+00:00","breadcrumb":{"@id":"https:\/\/vandvingetek.com\/index.php\/sqm-nitratos-yodo-sistema-de-gestion\/#breadcrumb"},"inLanguage":"es","potentialAction":[{"@type":"ReadAction","target":["https:\/\/vandvingetek.com\/index.php\/sqm-nitratos-yodo-sistema-de-gestion\/"]}]},{"@type":"ImageObject","inLanguage":"es","@id":"https:\/\/vandvingetek.com\/index.php\/sqm-nitratos-yodo-sistema-de-gestion\/#primaryimage","url":"https:\/\/vandvingetek.com\/wp-content\/uploads\/2026\/03\/Gemini_Generated_Image_ksw1k4ksw1k4ksw1.png","contentUrl":"https:\/\/vandvingetek.com\/wp-content\/uploads\/2026\/03\/Gemini_Generated_Image_ksw1k4ksw1k4ksw1.png","width":1024,"height":1024},{"@type":"BreadcrumbList","@id":"https:\/\/vandvingetek.com\/index.php\/sqm-nitratos-yodo-sistema-de-gestion\/#breadcrumb","itemListElement":[{"@type":"ListItem","position":1,"name":"Portada","item":"https:\/\/vandvingetek.com\/"},{"@type":"ListItem","position":2,"name":"SQM Nitratos Yodo Sistema de Gesti\u00f3n"}]},{"@type":"WebSite","@id":"https:\/\/vandvingetek.com\/#website","url":"https:\/\/vandvingetek.com\/","name":"VANDV INGENIERIA","description":"","publisher":{"@id":"https:\/\/vandvingetek.com\/#organization"},"potentialAction":[{"@type":"SearchAction","target":{"@type":"EntryPoint","urlTemplate":"https:\/\/vandvingetek.com\/?s={search_term_string}"},"query-input":{"@type":"PropertyValueSpecification","valueRequired":true,"valueName":"search_term_string"}}],"inLanguage":"es"},{"@type":"Organization","@id":"https:\/\/vandvingetek.com\/#organization","name":"VANDV INGENIERIA","url":"https:\/\/vandvingetek.com\/","logo":{"@type":"ImageObject","inLanguage":"es","@id":"https:\/\/vandvingetek.com\/#\/schema\/logo\/image\/","url":"https:\/\/vandvingetek.com\/wp-content\/uploads\/2026\/01\/logo-vandv-ingtek-01_v2-06-scaled.png","contentUrl":"https:\/\/vandvingetek.com\/wp-content\/uploads\/2026\/01\/logo-vandv-ingtek-01_v2-06-scaled.png","width":2560,"height":555,"caption":"VANDV INGENIERIA"},"image":{"@id":"https:\/\/vandvingetek.com\/#\/schema\/logo\/image\/"}}]}},"_links":{"self":[{"href":"https:\/\/vandvingetek.com\/index.php\/wp-json\/wp\/v2\/pages\/1097","targetHints":{"allow":["GET"]}}],"collection":[{"href":"https:\/\/vandvingetek.com\/index.php\/wp-json\/wp\/v2\/pages"}],"about":[{"href":"https:\/\/vandvingetek.com\/index.php\/wp-json\/wp\/v2\/types\/page"}],"author":[{"embeddable":true,"href":"https:\/\/vandvingetek.com\/index.php\/wp-json\/wp\/v2\/users\/1"}],"replies":[{"embeddable":true,"href":"https:\/\/vandvingetek.com\/index.php\/wp-json\/wp\/v2\/comments?post=1097"}],"version-history":[{"count":14,"href":"https:\/\/vandvingetek.com\/index.php\/wp-json\/wp\/v2\/pages\/1097\/revisions"}],"predecessor-version":[{"id":1206,"href":"https:\/\/vandvingetek.com\/index.php\/wp-json\/wp\/v2\/pages\/1097\/revisions\/1206"}],"wp:attachment":[{"href":"https:\/\/vandvingetek.com\/index.php\/wp-json\/wp\/v2\/media?parent=1097"}],"curies":[{"name":"wp","href":"https:\/\/api.w.org\/{rel}","templated":true}]}}