{"id":1117,"date":"2026-03-18T05:32:02","date_gmt":"2026-03-18T05:32:02","guid":{"rendered":"https:\/\/vandvingetek.com\/?page_id=1117"},"modified":"2026-03-18T16:03:20","modified_gmt":"2026-03-18T16:03:20","slug":"siam-de-minera-centinela-nordes","status":"publish","type":"page","link":"https:\/\/vandvingetek.com\/index.php\/siam-de-minera-centinela-nordes\/","title":{"rendered":"SIAM de Minera Centinela\u00a0Nordes"},"content":{"rendered":"\n<div class=\"gb-element-26fc3260\"><\/div>\n\n\n\n<div class=\"gb-element-854b4927\">\n<div class=\"gb-element-a52a3def\">\n<div class=\"gb-element-f5bd9dbe\">\n<div class=\"gb-element-8fcb422f\">\n<h2 class=\"gb-text gb-text-a79e8059\"><strong>SIAM de Minera Centinela&nbsp;<strong>Nordes<\/strong><\/strong><\/h2>\n\n\n\n<p class=\"gb-text gb-text-121ae363\">Consolidaci\u00f3n con enfoque multidisciplinario del <strong>Sistema de Gesti\u00f3n de Integridad<\/strong> (<strong>PIMS<\/strong>), basado en ASME B31.8S 2010 y validado exitosamente en auditor\u00edas externas&nbsp; destacando el enfoque robusto y alineado con est\u00e1ndares internacionales.&nbsp;<br><\/p>\n\n\n\n<p class=\"gb-text gb-text-e5096c0e\"><br>Este marco nos permiti\u00f3 consolidar una <strong>l\u00ednea base integral de integridad<\/strong>, abarcando el dise\u00f1o hidr\u00e1ulico, mec\u00e1nico, protecci\u00f3n cat\u00f3dica e instrumentaci\u00f3n, junto con la homologaci\u00f3n completa de interlocks de seguridad, y la revisi\u00f3n de proyectos asociados a expansiones y mejoras del sistema de impulsi\u00f3n de agua de mar.<br><\/p>\n\n\n\n<p class=\"gb-text gb-text-8a867f86\"><br>Incorpora un ecosistema avanzado de inspecci\u00f3n y monitoreo, integrando variables oce\u00e1nicas, biol\u00f3gicas y electroqu\u00edmicas, adem\u00e1s de t\u00e9cnicas de inspecci\u00f3n directa como ultrasonido e <strong>ILI con Smart Pigs (An\u00e1lisis avanzado de datos de anomal\u00edas)<\/strong>. A esto se suma el modelamiento hidr\u00e1ulico y de corrosi\u00f3n de alta resoluci\u00f3n, que permite evaluar condiciones operacionales, transientes, rugosidad equivalente, p\u00e9rdidas de carga y vida remanente mediante <strong>ASME B31G 2012<\/strong>, estableciendo el <strong>Tiempo Promedio para Falla (TPPF)<\/strong> para cada tramo del ducto. Este enfoque multidisciplinario nos ha permitido una comprensi\u00f3n profunda del comportamiento del sistema y de los mecanismos de degradaci\u00f3n que afectan a los ductos de agua de mar en ambientes de alta severidad.<\/p>\n\n\n\n<p class=\"gb-text gb-text-3a106958\"><br>Finalmente, el sistema de integridad se complementa con estudios de riesgo por \u00e1reas de alta consecuencia, an\u00e1lisis de fallas, acompa\u00f1amiento especializado en estaciones de bombeo y la definici\u00f3n del <strong>CAPEX\/OPEX de rehabilitaci\u00f3n y mantenimiento<\/strong>, asegurando decisiones informadas y priorizadas. Este modelo de gesti\u00f3n posiciona al <strong>SIAM<\/strong> como un sistema preparado para su expansi\u00f3n (SIAM II), con una gobernanza t\u00e9cnica s\u00f3lida, trazabilidad operacional y una estrategia de integridad que reduce incertidumbre, optimiza la confiabilidad y sostiene la continuidad h\u00eddrica cr\u00edtica para la operaci\u00f3n minera en el norte de Chile.<br><br><br><\/p>\n<\/div>\n\n\n\n<div class=\"gb-element-f6be6cb5\">\n<figure class=\"wp-block-image size-full is-resized\"><img loading=\"lazy\" decoding=\"async\" width=\"1024\" height=\"1024\" src=\"https:\/\/vandvingetek.com\/wp-content\/uploads\/2026\/03\/Gemini_Generated_Image_mn52pxmn52pxmn52.png\" alt=\"\" class=\"wp-image-1150\" style=\"object-fit:cover;width:400px;height:auto\" srcset=\"https:\/\/vandvingetek.com\/wp-content\/uploads\/2026\/03\/Gemini_Generated_Image_mn52pxmn52pxmn52.png 1024w, https:\/\/vandvingetek.com\/wp-content\/uploads\/2026\/03\/Gemini_Generated_Image_mn52pxmn52pxmn52-300x300.png 300w, https:\/\/vandvingetek.com\/wp-content\/uploads\/2026\/03\/Gemini_Generated_Image_mn52pxmn52pxmn52-150x150.png 150w, https:\/\/vandvingetek.com\/wp-content\/uploads\/2026\/03\/Gemini_Generated_Image_mn52pxmn52pxmn52-768x768.png 768w\" sizes=\"auto, (max-width: 1024px) 100vw, 1024px\" \/><\/figure>\n<\/div>\n<\/div>\n<\/div>\n<\/div>\n","protected":false},"excerpt":{"rendered":"<p>SIAM de Minera Centinela&nbsp;Nordes Consolidaci\u00f3n con enfoque multidisciplinario del Sistema de Gesti\u00f3n de Integridad (PIMS), basado en ASME B31.8S 2010 y validado exitosamente en auditor\u00edas externas&nbsp; destacando el enfoque robusto y alineado con est\u00e1ndares internacionales.&nbsp; Este marco nos permiti\u00f3 consolidar una l\u00ednea base integral de integridad, abarcando el dise\u00f1o hidr\u00e1ulico, mec\u00e1nico, protecci\u00f3n cat\u00f3dica e instrumentaci\u00f3n, &#8230; <a title=\"SIAM de Minera Centinela\u00a0Nordes\" class=\"read-more\" href=\"https:\/\/vandvingetek.com\/index.php\/siam-de-minera-centinela-nordes\/\" aria-label=\"M\u00e1s en SIAM de Minera Centinela\u00a0Nordes\">Leer m\u00e1s<\/a><\/p>\n","protected":false},"author":1,"featured_media":0,"parent":0,"menu_order":0,"comment_status":"closed","ping_status":"closed","template":"","meta":{"footnotes":""},"class_list":["post-1117","page","type-page","status-publish"],"yoast_head":"<!-- This site is optimized with the Yoast SEO plugin v26.7 - https:\/\/yoast.com\/wordpress\/plugins\/seo\/ -->\n<title>SIAM de Minera Centinela\u00a0Nordes - VANDV INGENIERIA<\/title>\n<meta name=\"robots\" content=\"index, follow, max-snippet:-1, max-image-preview:large, max-video-preview:-1\" \/>\n<link rel=\"canonical\" href=\"https:\/\/vandvingetek.com\/index.php\/siam-de-minera-centinela-nordes\/\" \/>\n<meta property=\"og:locale\" content=\"es_ES\" \/>\n<meta property=\"og:type\" content=\"article\" \/>\n<meta property=\"og:title\" content=\"SIAM de Minera Centinela\u00a0Nordes - VANDV INGENIERIA\" \/>\n<meta property=\"og:description\" content=\"SIAM de Minera Centinela&nbsp;Nordes Consolidaci\u00f3n con enfoque multidisciplinario del Sistema de Gesti\u00f3n de Integridad (PIMS), basado en ASME B31.8S 2010 y validado exitosamente en auditor\u00edas externas&nbsp; destacando el enfoque robusto y alineado con est\u00e1ndares internacionales.&nbsp; Este marco nos permiti\u00f3 consolidar una l\u00ednea base integral de integridad, abarcando el dise\u00f1o hidr\u00e1ulico, mec\u00e1nico, protecci\u00f3n cat\u00f3dica e instrumentaci\u00f3n, ... Leer m\u00e1s\" \/>\n<meta property=\"og:url\" content=\"https:\/\/vandvingetek.com\/index.php\/siam-de-minera-centinela-nordes\/\" \/>\n<meta property=\"og:site_name\" content=\"VANDV INGENIERIA\" \/>\n<meta property=\"article:modified_time\" content=\"2026-03-18T16:03:20+00:00\" \/>\n<meta property=\"og:image\" content=\"https:\/\/vandvingetek.com\/wp-content\/uploads\/2026\/03\/Gemini_Generated_Image_mn52pxmn52pxmn52.png\" \/>\n\t<meta property=\"og:image:width\" content=\"1024\" \/>\n\t<meta property=\"og:image:height\" content=\"1024\" \/>\n\t<meta property=\"og:image:type\" content=\"image\/png\" \/>\n<meta name=\"twitter:card\" content=\"summary_large_image\" \/>\n<meta name=\"twitter:label1\" content=\"Tiempo de lectura\" \/>\n\t<meta name=\"twitter:data1\" content=\"2 minutos\" \/>\n<script type=\"application\/ld+json\" class=\"yoast-schema-graph\">{\"@context\":\"https:\/\/schema.org\",\"@graph\":[{\"@type\":\"WebPage\",\"@id\":\"https:\/\/vandvingetek.com\/index.php\/siam-de-minera-centinela-nordes\/\",\"url\":\"https:\/\/vandvingetek.com\/index.php\/siam-de-minera-centinela-nordes\/\",\"name\":\"SIAM de Minera Centinela\u00a0Nordes - VANDV INGENIERIA\",\"isPartOf\":{\"@id\":\"https:\/\/vandvingetek.com\/#website\"},\"primaryImageOfPage\":{\"@id\":\"https:\/\/vandvingetek.com\/index.php\/siam-de-minera-centinela-nordes\/#primaryimage\"},\"image\":{\"@id\":\"https:\/\/vandvingetek.com\/index.php\/siam-de-minera-centinela-nordes\/#primaryimage\"},\"thumbnailUrl\":\"https:\/\/vandvingetek.com\/wp-content\/uploads\/2026\/03\/Gemini_Generated_Image_mn52pxmn52pxmn52.png\",\"datePublished\":\"2026-03-18T05:32:02+00:00\",\"dateModified\":\"2026-03-18T16:03:20+00:00\",\"breadcrumb\":{\"@id\":\"https:\/\/vandvingetek.com\/index.php\/siam-de-minera-centinela-nordes\/#breadcrumb\"},\"inLanguage\":\"es\",\"potentialAction\":[{\"@type\":\"ReadAction\",\"target\":[\"https:\/\/vandvingetek.com\/index.php\/siam-de-minera-centinela-nordes\/\"]}]},{\"@type\":\"ImageObject\",\"inLanguage\":\"es\",\"@id\":\"https:\/\/vandvingetek.com\/index.php\/siam-de-minera-centinela-nordes\/#primaryimage\",\"url\":\"https:\/\/vandvingetek.com\/wp-content\/uploads\/2026\/03\/Gemini_Generated_Image_mn52pxmn52pxmn52.png\",\"contentUrl\":\"https:\/\/vandvingetek.com\/wp-content\/uploads\/2026\/03\/Gemini_Generated_Image_mn52pxmn52pxmn52.png\",\"width\":1024,\"height\":1024},{\"@type\":\"BreadcrumbList\",\"@id\":\"https:\/\/vandvingetek.com\/index.php\/siam-de-minera-centinela-nordes\/#breadcrumb\",\"itemListElement\":[{\"@type\":\"ListItem\",\"position\":1,\"name\":\"Portada\",\"item\":\"https:\/\/vandvingetek.com\/\"},{\"@type\":\"ListItem\",\"position\":2,\"name\":\"SIAM de Minera Centinela\u00a0Nordes\"}]},{\"@type\":\"WebSite\",\"@id\":\"https:\/\/vandvingetek.com\/#website\",\"url\":\"https:\/\/vandvingetek.com\/\",\"name\":\"VANDV INGENIERIA\",\"description\":\"\",\"publisher\":{\"@id\":\"https:\/\/vandvingetek.com\/#organization\"},\"potentialAction\":[{\"@type\":\"SearchAction\",\"target\":{\"@type\":\"EntryPoint\",\"urlTemplate\":\"https:\/\/vandvingetek.com\/?s={search_term_string}\"},\"query-input\":{\"@type\":\"PropertyValueSpecification\",\"valueRequired\":true,\"valueName\":\"search_term_string\"}}],\"inLanguage\":\"es\"},{\"@type\":\"Organization\",\"@id\":\"https:\/\/vandvingetek.com\/#organization\",\"name\":\"VANDV INGENIERIA\",\"url\":\"https:\/\/vandvingetek.com\/\",\"logo\":{\"@type\":\"ImageObject\",\"inLanguage\":\"es\",\"@id\":\"https:\/\/vandvingetek.com\/#\/schema\/logo\/image\/\",\"url\":\"https:\/\/vandvingetek.com\/wp-content\/uploads\/2026\/01\/logo-vandv-ingtek-01_v2-06-scaled.png\",\"contentUrl\":\"https:\/\/vandvingetek.com\/wp-content\/uploads\/2026\/01\/logo-vandv-ingtek-01_v2-06-scaled.png\",\"width\":2560,\"height\":555,\"caption\":\"VANDV INGENIERIA\"},\"image\":{\"@id\":\"https:\/\/vandvingetek.com\/#\/schema\/logo\/image\/\"}}]}<\/script>\n<!-- \/ Yoast SEO plugin. -->","yoast_head_json":{"title":"SIAM de Minera Centinela\u00a0Nordes - VANDV INGENIERIA","robots":{"index":"index","follow":"follow","max-snippet":"max-snippet:-1","max-image-preview":"max-image-preview:large","max-video-preview":"max-video-preview:-1"},"canonical":"https:\/\/vandvingetek.com\/index.php\/siam-de-minera-centinela-nordes\/","og_locale":"es_ES","og_type":"article","og_title":"SIAM de Minera Centinela\u00a0Nordes - VANDV INGENIERIA","og_description":"SIAM de Minera Centinela&nbsp;Nordes Consolidaci\u00f3n con enfoque multidisciplinario del Sistema de Gesti\u00f3n de Integridad (PIMS), basado en ASME B31.8S 2010 y validado exitosamente en auditor\u00edas externas&nbsp; destacando el enfoque robusto y alineado con est\u00e1ndares internacionales.&nbsp; Este marco nos permiti\u00f3 consolidar una l\u00ednea base integral de integridad, abarcando el dise\u00f1o hidr\u00e1ulico, mec\u00e1nico, protecci\u00f3n cat\u00f3dica e instrumentaci\u00f3n, ... Leer m\u00e1s","og_url":"https:\/\/vandvingetek.com\/index.php\/siam-de-minera-centinela-nordes\/","og_site_name":"VANDV INGENIERIA","article_modified_time":"2026-03-18T16:03:20+00:00","og_image":[{"url":"https:\/\/vandvingetek.com\/wp-content\/uploads\/2026\/03\/Gemini_Generated_Image_mn52pxmn52pxmn52.png","width":1024,"height":1024,"type":"image\/png"}],"twitter_card":"summary_large_image","twitter_misc":{"Tiempo de lectura":"2 minutos"},"schema":{"@context":"https:\/\/schema.org","@graph":[{"@type":"WebPage","@id":"https:\/\/vandvingetek.com\/index.php\/siam-de-minera-centinela-nordes\/","url":"https:\/\/vandvingetek.com\/index.php\/siam-de-minera-centinela-nordes\/","name":"SIAM de Minera Centinela\u00a0Nordes - VANDV INGENIERIA","isPartOf":{"@id":"https:\/\/vandvingetek.com\/#website"},"primaryImageOfPage":{"@id":"https:\/\/vandvingetek.com\/index.php\/siam-de-minera-centinela-nordes\/#primaryimage"},"image":{"@id":"https:\/\/vandvingetek.com\/index.php\/siam-de-minera-centinela-nordes\/#primaryimage"},"thumbnailUrl":"https:\/\/vandvingetek.com\/wp-content\/uploads\/2026\/03\/Gemini_Generated_Image_mn52pxmn52pxmn52.png","datePublished":"2026-03-18T05:32:02+00:00","dateModified":"2026-03-18T16:03:20+00:00","breadcrumb":{"@id":"https:\/\/vandvingetek.com\/index.php\/siam-de-minera-centinela-nordes\/#breadcrumb"},"inLanguage":"es","potentialAction":[{"@type":"ReadAction","target":["https:\/\/vandvingetek.com\/index.php\/siam-de-minera-centinela-nordes\/"]}]},{"@type":"ImageObject","inLanguage":"es","@id":"https:\/\/vandvingetek.com\/index.php\/siam-de-minera-centinela-nordes\/#primaryimage","url":"https:\/\/vandvingetek.com\/wp-content\/uploads\/2026\/03\/Gemini_Generated_Image_mn52pxmn52pxmn52.png","contentUrl":"https:\/\/vandvingetek.com\/wp-content\/uploads\/2026\/03\/Gemini_Generated_Image_mn52pxmn52pxmn52.png","width":1024,"height":1024},{"@type":"BreadcrumbList","@id":"https:\/\/vandvingetek.com\/index.php\/siam-de-minera-centinela-nordes\/#breadcrumb","itemListElement":[{"@type":"ListItem","position":1,"name":"Portada","item":"https:\/\/vandvingetek.com\/"},{"@type":"ListItem","position":2,"name":"SIAM de Minera Centinela\u00a0Nordes"}]},{"@type":"WebSite","@id":"https:\/\/vandvingetek.com\/#website","url":"https:\/\/vandvingetek.com\/","name":"VANDV INGENIERIA","description":"","publisher":{"@id":"https:\/\/vandvingetek.com\/#organization"},"potentialAction":[{"@type":"SearchAction","target":{"@type":"EntryPoint","urlTemplate":"https:\/\/vandvingetek.com\/?s={search_term_string}"},"query-input":{"@type":"PropertyValueSpecification","valueRequired":true,"valueName":"search_term_string"}}],"inLanguage":"es"},{"@type":"Organization","@id":"https:\/\/vandvingetek.com\/#organization","name":"VANDV INGENIERIA","url":"https:\/\/vandvingetek.com\/","logo":{"@type":"ImageObject","inLanguage":"es","@id":"https:\/\/vandvingetek.com\/#\/schema\/logo\/image\/","url":"https:\/\/vandvingetek.com\/wp-content\/uploads\/2026\/01\/logo-vandv-ingtek-01_v2-06-scaled.png","contentUrl":"https:\/\/vandvingetek.com\/wp-content\/uploads\/2026\/01\/logo-vandv-ingtek-01_v2-06-scaled.png","width":2560,"height":555,"caption":"VANDV INGENIERIA"},"image":{"@id":"https:\/\/vandvingetek.com\/#\/schema\/logo\/image\/"}}]}},"_links":{"self":[{"href":"https:\/\/vandvingetek.com\/index.php\/wp-json\/wp\/v2\/pages\/1117","targetHints":{"allow":["GET"]}}],"collection":[{"href":"https:\/\/vandvingetek.com\/index.php\/wp-json\/wp\/v2\/pages"}],"about":[{"href":"https:\/\/vandvingetek.com\/index.php\/wp-json\/wp\/v2\/types\/page"}],"author":[{"embeddable":true,"href":"https:\/\/vandvingetek.com\/index.php\/wp-json\/wp\/v2\/users\/1"}],"replies":[{"embeddable":true,"href":"https:\/\/vandvingetek.com\/index.php\/wp-json\/wp\/v2\/comments?post=1117"}],"version-history":[{"count":5,"href":"https:\/\/vandvingetek.com\/index.php\/wp-json\/wp\/v2\/pages\/1117\/revisions"}],"predecessor-version":[{"id":1213,"href":"https:\/\/vandvingetek.com\/index.php\/wp-json\/wp\/v2\/pages\/1117\/revisions\/1213"}],"wp:attachment":[{"href":"https:\/\/vandvingetek.com\/index.php\/wp-json\/wp\/v2\/media?parent=1117"}],"curies":[{"name":"wp","href":"https:\/\/api.w.org\/{rel}","templated":true}]}}