{"id":1125,"date":"2026-03-18T05:42:31","date_gmt":"2026-03-18T05:42:31","guid":{"rendered":"https:\/\/vandvingetek.com\/?page_id=1125"},"modified":"2026-03-18T16:17:47","modified_gmt":"2026-03-18T16:17:47","slug":"gnl-quintero-s-a-proteccion-contra-la-corrosion","status":"publish","type":"page","link":"https:\/\/vandvingetek.com\/index.php\/gnl-quintero-s-a-proteccion-contra-la-corrosion\/","title":{"rendered":"GNL Quintero S.A.\u00a0Protecci\u00f3n contra la Corrosi\u00f3n"},"content":{"rendered":"\n<div class=\"gb-element-26fc3260\"><\/div>\n\n\n\n<div class=\"gb-element-5a59b648\">\n<div class=\"gb-element-854b4927\">\n<div class=\"gb-element-f5bd9dbe\">\n<div class=\"gb-element-8fcb422f\">\n<h2 class=\"gb-text gb-text-a79e8059\"><strong>GNL Quintero S.A.&nbsp;Protecci\u00f3n contra la Corrosi\u00f3n<\/strong><\/h2>\n\n\n\n<p class=\"gb-text gb-text-121ae363\">Implementaci\u00f3n de protecci\u00f3n contra la Corrosi\u00f3n (Zona CM5 ISO9223 a ISO9226) en sistemas de instrumentaci\u00f3n de v\u00e1lvulas criog\u00e9nicas y \u00e1reas de operaciones de plumas hidr\u00e1ulicas del puerto; tambi\u00e9n instrucci\u00f3n en principios electroqu\u00edmicos asociados a la corrosi\u00f3n para equipo operativo: supervisores, t\u00e9cnicos y operarios.<br><\/p>\n<\/div>\n\n\n\n<div class=\"gb-element-f6be6cb5\">\n<figure class=\"wp-block-image size-full is-resized\"><img loading=\"lazy\" decoding=\"async\" width=\"1024\" height=\"1024\" src=\"https:\/\/vandvingetek.com\/wp-content\/uploads\/2026\/03\/Gemini_Generated_Image_km6xcwkm6xcwkm6x.png\" alt=\"\" class=\"wp-image-1151\" style=\"object-fit:cover;width:400px;height:auto\" srcset=\"https:\/\/vandvingetek.com\/wp-content\/uploads\/2026\/03\/Gemini_Generated_Image_km6xcwkm6xcwkm6x.png 1024w, https:\/\/vandvingetek.com\/wp-content\/uploads\/2026\/03\/Gemini_Generated_Image_km6xcwkm6xcwkm6x-300x300.png 300w, https:\/\/vandvingetek.com\/wp-content\/uploads\/2026\/03\/Gemini_Generated_Image_km6xcwkm6xcwkm6x-150x150.png 150w, https:\/\/vandvingetek.com\/wp-content\/uploads\/2026\/03\/Gemini_Generated_Image_km6xcwkm6xcwkm6x-768x768.png 768w\" sizes=\"auto, (max-width: 1024px) 100vw, 1024px\" \/><\/figure>\n<\/div>\n<\/div>\n<\/div>\n<\/div>\n","protected":false},"excerpt":{"rendered":"<p>GNL Quintero S.A.&nbsp;Protecci\u00f3n contra la Corrosi\u00f3n Implementaci\u00f3n de protecci\u00f3n contra la Corrosi\u00f3n (Zona CM5 ISO9223 a ISO9226) en sistemas de instrumentaci\u00f3n de v\u00e1lvulas criog\u00e9nicas y \u00e1reas de operaciones de plumas hidr\u00e1ulicas del puerto; tambi\u00e9n instrucci\u00f3n en principios electroqu\u00edmicos asociados a la corrosi\u00f3n para equipo operativo: supervisores, t\u00e9cnicos y operarios.<\/p>\n","protected":false},"author":1,"featured_media":0,"parent":0,"menu_order":0,"comment_status":"closed","ping_status":"closed","template":"","meta":{"footnotes":""},"class_list":["post-1125","page","type-page","status-publish"],"yoast_head":"<!-- This site is optimized with the Yoast SEO plugin v26.7 - https:\/\/yoast.com\/wordpress\/plugins\/seo\/ -->\n<title>GNL Quintero S.A.\u00a0Protecci\u00f3n contra la Corrosi\u00f3n - VANDV INGENIERIA<\/title>\n<meta name=\"robots\" content=\"index, follow, max-snippet:-1, max-image-preview:large, max-video-preview:-1\" \/>\n<link rel=\"canonical\" href=\"https:\/\/vandvingetek.com\/index.php\/gnl-quintero-s-a-proteccion-contra-la-corrosion\/\" \/>\n<meta property=\"og:locale\" content=\"es_ES\" \/>\n<meta property=\"og:type\" content=\"article\" \/>\n<meta property=\"og:title\" content=\"GNL Quintero S.A.\u00a0Protecci\u00f3n contra la Corrosi\u00f3n - VANDV INGENIERIA\" \/>\n<meta property=\"og:description\" content=\"GNL Quintero S.A.&nbsp;Protecci\u00f3n contra la Corrosi\u00f3n Implementaci\u00f3n de protecci\u00f3n contra la Corrosi\u00f3n (Zona CM5 ISO9223 a ISO9226) en sistemas de instrumentaci\u00f3n de v\u00e1lvulas criog\u00e9nicas y \u00e1reas de operaciones de plumas hidr\u00e1ulicas del puerto; tambi\u00e9n instrucci\u00f3n en principios electroqu\u00edmicos asociados a la corrosi\u00f3n para equipo operativo: supervisores, t\u00e9cnicos y operarios.\" \/>\n<meta property=\"og:url\" content=\"https:\/\/vandvingetek.com\/index.php\/gnl-quintero-s-a-proteccion-contra-la-corrosion\/\" \/>\n<meta property=\"og:site_name\" content=\"VANDV INGENIERIA\" \/>\n<meta property=\"article:modified_time\" content=\"2026-03-18T16:17:47+00:00\" \/>\n<meta property=\"og:image\" content=\"https:\/\/vandvingetek.com\/wp-content\/uploads\/2026\/03\/Gemini_Generated_Image_km6xcwkm6xcwkm6x.png\" \/>\n\t<meta property=\"og:image:width\" content=\"1024\" \/>\n\t<meta property=\"og:image:height\" content=\"1024\" \/>\n\t<meta property=\"og:image:type\" content=\"image\/png\" \/>\n<meta name=\"twitter:card\" content=\"summary_large_image\" \/>\n<meta name=\"twitter:label1\" content=\"Tiempo de lectura\" \/>\n\t<meta name=\"twitter:data1\" content=\"1 minuto\" \/>\n<script type=\"application\/ld+json\" class=\"yoast-schema-graph\">{\"@context\":\"https:\/\/schema.org\",\"@graph\":[{\"@type\":\"WebPage\",\"@id\":\"https:\/\/vandvingetek.com\/index.php\/gnl-quintero-s-a-proteccion-contra-la-corrosion\/\",\"url\":\"https:\/\/vandvingetek.com\/index.php\/gnl-quintero-s-a-proteccion-contra-la-corrosion\/\",\"name\":\"GNL Quintero S.A.\u00a0Protecci\u00f3n contra la Corrosi\u00f3n - VANDV INGENIERIA\",\"isPartOf\":{\"@id\":\"https:\/\/vandvingetek.com\/#website\"},\"primaryImageOfPage\":{\"@id\":\"https:\/\/vandvingetek.com\/index.php\/gnl-quintero-s-a-proteccion-contra-la-corrosion\/#primaryimage\"},\"image\":{\"@id\":\"https:\/\/vandvingetek.com\/index.php\/gnl-quintero-s-a-proteccion-contra-la-corrosion\/#primaryimage\"},\"thumbnailUrl\":\"https:\/\/vandvingetek.com\/wp-content\/uploads\/2026\/03\/Gemini_Generated_Image_km6xcwkm6xcwkm6x.png\",\"datePublished\":\"2026-03-18T05:42:31+00:00\",\"dateModified\":\"2026-03-18T16:17:47+00:00\",\"breadcrumb\":{\"@id\":\"https:\/\/vandvingetek.com\/index.php\/gnl-quintero-s-a-proteccion-contra-la-corrosion\/#breadcrumb\"},\"inLanguage\":\"es\",\"potentialAction\":[{\"@type\":\"ReadAction\",\"target\":[\"https:\/\/vandvingetek.com\/index.php\/gnl-quintero-s-a-proteccion-contra-la-corrosion\/\"]}]},{\"@type\":\"ImageObject\",\"inLanguage\":\"es\",\"@id\":\"https:\/\/vandvingetek.com\/index.php\/gnl-quintero-s-a-proteccion-contra-la-corrosion\/#primaryimage\",\"url\":\"https:\/\/vandvingetek.com\/wp-content\/uploads\/2026\/03\/Gemini_Generated_Image_km6xcwkm6xcwkm6x.png\",\"contentUrl\":\"https:\/\/vandvingetek.com\/wp-content\/uploads\/2026\/03\/Gemini_Generated_Image_km6xcwkm6xcwkm6x.png\",\"width\":1024,\"height\":1024},{\"@type\":\"BreadcrumbList\",\"@id\":\"https:\/\/vandvingetek.com\/index.php\/gnl-quintero-s-a-proteccion-contra-la-corrosion\/#breadcrumb\",\"itemListElement\":[{\"@type\":\"ListItem\",\"position\":1,\"name\":\"Portada\",\"item\":\"https:\/\/vandvingetek.com\/\"},{\"@type\":\"ListItem\",\"position\":2,\"name\":\"GNL Quintero S.A.\u00a0Protecci\u00f3n contra la Corrosi\u00f3n\"}]},{\"@type\":\"WebSite\",\"@id\":\"https:\/\/vandvingetek.com\/#website\",\"url\":\"https:\/\/vandvingetek.com\/\",\"name\":\"VANDV INGENIERIA\",\"description\":\"\",\"publisher\":{\"@id\":\"https:\/\/vandvingetek.com\/#organization\"},\"potentialAction\":[{\"@type\":\"SearchAction\",\"target\":{\"@type\":\"EntryPoint\",\"urlTemplate\":\"https:\/\/vandvingetek.com\/?s={search_term_string}\"},\"query-input\":{\"@type\":\"PropertyValueSpecification\",\"valueRequired\":true,\"valueName\":\"search_term_string\"}}],\"inLanguage\":\"es\"},{\"@type\":\"Organization\",\"@id\":\"https:\/\/vandvingetek.com\/#organization\",\"name\":\"VANDV INGENIERIA\",\"url\":\"https:\/\/vandvingetek.com\/\",\"logo\":{\"@type\":\"ImageObject\",\"inLanguage\":\"es\",\"@id\":\"https:\/\/vandvingetek.com\/#\/schema\/logo\/image\/\",\"url\":\"https:\/\/vandvingetek.com\/wp-content\/uploads\/2026\/01\/logo-vandv-ingtek-01_v2-06-scaled.png\",\"contentUrl\":\"https:\/\/vandvingetek.com\/wp-content\/uploads\/2026\/01\/logo-vandv-ingtek-01_v2-06-scaled.png\",\"width\":2560,\"height\":555,\"caption\":\"VANDV INGENIERIA\"},\"image\":{\"@id\":\"https:\/\/vandvingetek.com\/#\/schema\/logo\/image\/\"}}]}<\/script>\n<!-- \/ Yoast SEO plugin. -->","yoast_head_json":{"title":"GNL Quintero S.A.\u00a0Protecci\u00f3n contra la Corrosi\u00f3n - VANDV INGENIERIA","robots":{"index":"index","follow":"follow","max-snippet":"max-snippet:-1","max-image-preview":"max-image-preview:large","max-video-preview":"max-video-preview:-1"},"canonical":"https:\/\/vandvingetek.com\/index.php\/gnl-quintero-s-a-proteccion-contra-la-corrosion\/","og_locale":"es_ES","og_type":"article","og_title":"GNL Quintero S.A.\u00a0Protecci\u00f3n contra la Corrosi\u00f3n - VANDV INGENIERIA","og_description":"GNL Quintero S.A.&nbsp;Protecci\u00f3n contra la Corrosi\u00f3n Implementaci\u00f3n de protecci\u00f3n contra la Corrosi\u00f3n (Zona CM5 ISO9223 a ISO9226) en sistemas de instrumentaci\u00f3n de v\u00e1lvulas criog\u00e9nicas y \u00e1reas de operaciones de plumas hidr\u00e1ulicas del puerto; tambi\u00e9n instrucci\u00f3n en principios electroqu\u00edmicos asociados a la corrosi\u00f3n para equipo operativo: supervisores, t\u00e9cnicos y operarios.","og_url":"https:\/\/vandvingetek.com\/index.php\/gnl-quintero-s-a-proteccion-contra-la-corrosion\/","og_site_name":"VANDV INGENIERIA","article_modified_time":"2026-03-18T16:17:47+00:00","og_image":[{"url":"https:\/\/vandvingetek.com\/wp-content\/uploads\/2026\/03\/Gemini_Generated_Image_km6xcwkm6xcwkm6x.png","width":1024,"height":1024,"type":"image\/png"}],"twitter_card":"summary_large_image","twitter_misc":{"Tiempo de lectura":"1 minuto"},"schema":{"@context":"https:\/\/schema.org","@graph":[{"@type":"WebPage","@id":"https:\/\/vandvingetek.com\/index.php\/gnl-quintero-s-a-proteccion-contra-la-corrosion\/","url":"https:\/\/vandvingetek.com\/index.php\/gnl-quintero-s-a-proteccion-contra-la-corrosion\/","name":"GNL Quintero S.A.\u00a0Protecci\u00f3n contra la Corrosi\u00f3n - VANDV INGENIERIA","isPartOf":{"@id":"https:\/\/vandvingetek.com\/#website"},"primaryImageOfPage":{"@id":"https:\/\/vandvingetek.com\/index.php\/gnl-quintero-s-a-proteccion-contra-la-corrosion\/#primaryimage"},"image":{"@id":"https:\/\/vandvingetek.com\/index.php\/gnl-quintero-s-a-proteccion-contra-la-corrosion\/#primaryimage"},"thumbnailUrl":"https:\/\/vandvingetek.com\/wp-content\/uploads\/2026\/03\/Gemini_Generated_Image_km6xcwkm6xcwkm6x.png","datePublished":"2026-03-18T05:42:31+00:00","dateModified":"2026-03-18T16:17:47+00:00","breadcrumb":{"@id":"https:\/\/vandvingetek.com\/index.php\/gnl-quintero-s-a-proteccion-contra-la-corrosion\/#breadcrumb"},"inLanguage":"es","potentialAction":[{"@type":"ReadAction","target":["https:\/\/vandvingetek.com\/index.php\/gnl-quintero-s-a-proteccion-contra-la-corrosion\/"]}]},{"@type":"ImageObject","inLanguage":"es","@id":"https:\/\/vandvingetek.com\/index.php\/gnl-quintero-s-a-proteccion-contra-la-corrosion\/#primaryimage","url":"https:\/\/vandvingetek.com\/wp-content\/uploads\/2026\/03\/Gemini_Generated_Image_km6xcwkm6xcwkm6x.png","contentUrl":"https:\/\/vandvingetek.com\/wp-content\/uploads\/2026\/03\/Gemini_Generated_Image_km6xcwkm6xcwkm6x.png","width":1024,"height":1024},{"@type":"BreadcrumbList","@id":"https:\/\/vandvingetek.com\/index.php\/gnl-quintero-s-a-proteccion-contra-la-corrosion\/#breadcrumb","itemListElement":[{"@type":"ListItem","position":1,"name":"Portada","item":"https:\/\/vandvingetek.com\/"},{"@type":"ListItem","position":2,"name":"GNL Quintero S.A.\u00a0Protecci\u00f3n contra la Corrosi\u00f3n"}]},{"@type":"WebSite","@id":"https:\/\/vandvingetek.com\/#website","url":"https:\/\/vandvingetek.com\/","name":"VANDV INGENIERIA","description":"","publisher":{"@id":"https:\/\/vandvingetek.com\/#organization"},"potentialAction":[{"@type":"SearchAction","target":{"@type":"EntryPoint","urlTemplate":"https:\/\/vandvingetek.com\/?s={search_term_string}"},"query-input":{"@type":"PropertyValueSpecification","valueRequired":true,"valueName":"search_term_string"}}],"inLanguage":"es"},{"@type":"Organization","@id":"https:\/\/vandvingetek.com\/#organization","name":"VANDV INGENIERIA","url":"https:\/\/vandvingetek.com\/","logo":{"@type":"ImageObject","inLanguage":"es","@id":"https:\/\/vandvingetek.com\/#\/schema\/logo\/image\/","url":"https:\/\/vandvingetek.com\/wp-content\/uploads\/2026\/01\/logo-vandv-ingtek-01_v2-06-scaled.png","contentUrl":"https:\/\/vandvingetek.com\/wp-content\/uploads\/2026\/01\/logo-vandv-ingtek-01_v2-06-scaled.png","width":2560,"height":555,"caption":"VANDV INGENIERIA"},"image":{"@id":"https:\/\/vandvingetek.com\/#\/schema\/logo\/image\/"}}]}},"_links":{"self":[{"href":"https:\/\/vandvingetek.com\/index.php\/wp-json\/wp\/v2\/pages\/1125","targetHints":{"allow":["GET"]}}],"collection":[{"href":"https:\/\/vandvingetek.com\/index.php\/wp-json\/wp\/v2\/pages"}],"about":[{"href":"https:\/\/vandvingetek.com\/index.php\/wp-json\/wp\/v2\/types\/page"}],"author":[{"embeddable":true,"href":"https:\/\/vandvingetek.com\/index.php\/wp-json\/wp\/v2\/users\/1"}],"replies":[{"embeddable":true,"href":"https:\/\/vandvingetek.com\/index.php\/wp-json\/wp\/v2\/comments?post=1125"}],"version-history":[{"count":10,"href":"https:\/\/vandvingetek.com\/index.php\/wp-json\/wp\/v2\/pages\/1125\/revisions"}],"predecessor-version":[{"id":1226,"href":"https:\/\/vandvingetek.com\/index.php\/wp-json\/wp\/v2\/pages\/1125\/revisions\/1226"}],"wp:attachment":[{"href":"https:\/\/vandvingetek.com\/index.php\/wp-json\/wp\/v2\/media?parent=1125"}],"curies":[{"name":"wp","href":"https:\/\/api.w.org\/{rel}","templated":true}]}}