{"id":485,"date":"2026-01-14T05:00:53","date_gmt":"2026-01-14T05:00:53","guid":{"rendered":"https:\/\/vandvingetek.com\/?page_id=485"},"modified":"2026-03-12T01:16:25","modified_gmt":"2026-03-12T01:16:25","slug":"servicios","status":"publish","type":"page","link":"https:\/\/vandvingetek.com\/index.php\/servicios\/","title":{"rendered":"Servicios"},"content":{"rendered":"\n<div class=\"gb-element-d5dca7a7\"><\/div>\n\n\n\n<div class=\"gb-element-610843d5\"><\/div>\n\n\n\n<div class=\"gb-element-8d2acfc2\">\n<h2 class=\"gb-text gb-text-ceed3ad1\"><strong>Soluciones Industriales<\/strong><\/h2>\n\n\n\n<div class=\"gb-element-b5cdfadc\">\n<a class=\"gb-element-14965b35\" href=\"https:\/\/vandvingetek.com\/index.php\/ingenieria-en-ductos\/\">\n<h3 class=\"gb-text gb-text-b383e4b0\"><strong>Ingenier\u00eda de Ductos<\/strong><\/h3>\n<\/a>\n\n\n\n<a class=\"gb-element-fb0f6bb4\" href=\"https:\/\/vandvingetek.com\/index.php\/diagnostico-pronostico-y-planificacion-de-integridad\/\">\n<h3 class=\"gb-text gb-text-5bc0cf97\"><strong>Diagn\u00f3stico, Pron\u00f3stico y Planificaci\u00f3n de<br>Integridad<\/strong><\/h3>\n<\/a>\n\n\n\n<a class=\"gb-element-4c3f28cc\" href=\"https:\/\/vandvingetek.com\/index.php\/inspecciones-ili-analisis-de-datos\/\">\n<h3 class=\"gb-text gb-text-c6ea557c\"><strong>Inspecciones ILI: An\u00e1lisis de Datos<\/strong><\/h3>\n<\/a>\n\n\n\n<a class=\"gb-element-e57b4ec4\" href=\"https:\/\/vandvingetek.com\/index.php\/inspecciones-us\/\">\n<h2 class=\"gb-text gb-text-cecdf898\"><strong>Inspecciones US<\/strong><\/h2>\n<\/a>\n<\/div>\n\n\n\n<div class=\"gb-element-9811bdbd\">\n<a class=\"gb-element-862d80e6\" href=\"https:\/\/vandvingetek.com\/index.php\/monitoreo-corrosion-mediante-cupones\/\">\n<h3 class=\"gb-text gb-text-51c72f34\"><strong>Monitoreo Corrosi\u00f3n<br>mediante Cupones<\/strong><\/h3>\n<\/a>\n\n\n\n<a class=\"gb-element-4468bea4\" href=\"https:\/\/vandvingetek.com\/index.php\/analisis-de-fallas-de-ductos-mineros\/\">\n<h3 class=\"gb-text gb-text-6324401d\"><strong>An\u00e1lisis de fallas de<br>ductos mineros<\/strong><\/h3>\n<\/a>\n\n\n\n<a class=\"gb-element-e26a21f5\" href=\"https:\/\/vandvingetek.com\/index.php\/monitoreo-fisico-quimico-microbiologico\/\">\n<h2 class=\"gb-text gb-text-871e1117\"><strong>Monitoreo<br>F\u00edsico-Qu\u00edmico-Microbiol\u00f3gico<\/strong><\/h2>\n<\/a>\n\n\n\n<a class=\"gb-element-79413cb0\" href=\"https:\/\/vandvingetek.com\/index.php\/asesoria-ambiental\/\">\n<h3 class=\"gb-text gb-text-2a92e599\"><strong>Asesor\u00eda Ambiental<\/strong><\/h3>\n<\/a>\n<\/div>\n<\/div>\n\n\n\n<div class=\"gb-element-414be699\">\n<div>\n<div>\n<h2 class=\"gb-text gb-text-8c5d92f7\"><strong><strong>Consultar a un especialista<\/strong><\/strong><\/h2>\n\n\n\n<p class=\"gb-text gb-text-dbc04c4d\"><strong><strong>Cu\u00e9ntenos brevemente c\u00f3mo podemos ayudarle.<\/strong><\/strong><\/p>\n\n\n\n<p class=\"gb-text gb-text-c0976bff\"><strong><strong><strong>Respondemos en 24\u201348 hrs.<\/strong><\/strong><\/strong><\/p>\n\n\n\n<p class=\"gb-text gb-text-0329d19c\"><strong><strong><strong>contacto@vandvingenieria.com<\/strong><\/strong><\/strong><\/p>\n<\/div>\n<\/div>\n\n\n\n<div class=\"gb-element-d4931b56\">\n<div class=\"wp-block-contact-form-7-contact-form-selector\">\n<div class=\"wpcf7 no-js\" id=\"wpcf7-f7-o1\" lang=\"es-ES\" dir=\"ltr\" data-wpcf7-id=\"7\">\n<div class=\"screen-reader-response\"><p role=\"status\" aria-live=\"polite\" aria-atomic=\"true\"><\/p> <ul><\/ul><\/div>\n<form action=\"\/index.php\/wp-json\/wp\/v2\/pages\/485#wpcf7-f7-o1\" method=\"post\" class=\"wpcf7-form init\" aria-label=\"Formulario de contacto\" novalidate=\"novalidate\" data-status=\"init\">\n<fieldset class=\"hidden-fields-container\"><input type=\"hidden\" name=\"_wpcf7\" value=\"7\" \/><input type=\"hidden\" name=\"_wpcf7_version\" value=\"6.1.4\" \/><input type=\"hidden\" name=\"_wpcf7_locale\" value=\"es_ES\" \/><input type=\"hidden\" name=\"_wpcf7_unit_tag\" value=\"wpcf7-f7-o1\" \/><input type=\"hidden\" name=\"_wpcf7_container_post\" value=\"0\" \/><input type=\"hidden\" name=\"_wpcf7_posted_data_hash\" value=\"\" \/>\n<\/fieldset>\n<p><label> Nombre y Apellido*<br \/>\n<span class=\"wpcf7-form-control-wrap\" data-name=\"your-name\"><input size=\"40\" maxlength=\"400\" class=\"wpcf7-form-control wpcf7-text wpcf7-validates-as-required\" autocomplete=\"name\" aria-required=\"true\" aria-invalid=\"false\" value=\"\" type=\"text\" name=\"your-name\" \/><\/span> <\/label>\n<\/p>\n<p><label> Correo electr\u00f3nico*<br \/>\n<span class=\"wpcf7-form-control-wrap\" data-name=\"your-email\"><input size=\"40\" maxlength=\"400\" class=\"wpcf7-form-control wpcf7-email wpcf7-validates-as-required wpcf7-text wpcf7-validates-as-email\" autocomplete=\"email\" aria-required=\"true\" aria-invalid=\"false\" value=\"\" type=\"email\" name=\"your-email\" \/><\/span> <\/label>\n<\/p>\n<p><label> \u00bfQu\u00e9 necesita su empresa? Descr\u00edbanos brevemente el proyecto*<br \/>\n<span class=\"wpcf7-form-control-wrap\" data-name=\"your-message\"><textarea cols=\"40\" rows=\"10\" maxlength=\"2000\" class=\"wpcf7-form-control wpcf7-textarea wpcf7-validates-as-required\" aria-required=\"true\" aria-invalid=\"false\" name=\"your-message\"><\/textarea><\/span> <\/label>\n<\/p>\n<p><input class=\"wpcf7-form-control wpcf7-submit has-spinner\" type=\"submit\" value=\"Enviar consulta\" \/>\n<\/p><div class=\"wpcf7-response-output\" aria-hidden=\"true\"><\/div>\n<\/form>\n<\/div>\n<\/div>\n<\/div>\n<\/div>\n","protected":false},"excerpt":{"rendered":"<p>Soluciones Industriales Ingenier\u00eda de Ductos Diagn\u00f3stico, Pron\u00f3stico y Planificaci\u00f3n deIntegridad Inspecciones ILI: An\u00e1lisis de Datos Inspecciones US Monitoreo Corrosi\u00f3nmediante Cupones An\u00e1lisis de fallas deductos mineros MonitoreoF\u00edsico-Qu\u00edmico-Microbiol\u00f3gico Asesor\u00eda Ambiental Consultar a un especialista Cu\u00e9ntenos brevemente c\u00f3mo podemos ayudarle. Respondemos en 24\u201348 hrs. contacto@vandvingenieria.com<\/p>\n","protected":false},"author":1,"featured_media":0,"parent":0,"menu_order":0,"comment_status":"closed","ping_status":"closed","template":"","meta":{"footnotes":""},"class_list":["post-485","page","type-page","status-publish"],"yoast_head":"<!-- This site is optimized with the Yoast SEO plugin v26.7 - https:\/\/yoast.com\/wordpress\/plugins\/seo\/ -->\n<title>Servicios - VANDV INGENIERIA<\/title>\n<meta name=\"robots\" content=\"index, follow, max-snippet:-1, max-image-preview:large, max-video-preview:-1\" \/>\n<link rel=\"canonical\" href=\"https:\/\/vandvingetek.com\/index.php\/servicios\/\" \/>\n<meta property=\"og:locale\" content=\"es_ES\" \/>\n<meta property=\"og:type\" content=\"article\" \/>\n<meta property=\"og:title\" content=\"Servicios - VANDV INGENIERIA\" \/>\n<meta property=\"og:description\" content=\"Soluciones Industriales Ingenier\u00eda de Ductos Diagn\u00f3stico, Pron\u00f3stico y Planificaci\u00f3n deIntegridad Inspecciones ILI: An\u00e1lisis de Datos Inspecciones US Monitoreo Corrosi\u00f3nmediante Cupones An\u00e1lisis de fallas deductos mineros MonitoreoF\u00edsico-Qu\u00edmico-Microbiol\u00f3gico Asesor\u00eda Ambiental Consultar a un especialista Cu\u00e9ntenos brevemente c\u00f3mo podemos ayudarle. Respondemos en 24\u201348 hrs. contacto@vandvingenieria.com\" \/>\n<meta property=\"og:url\" content=\"https:\/\/vandvingetek.com\/index.php\/servicios\/\" \/>\n<meta property=\"og:site_name\" content=\"VANDV INGENIERIA\" \/>\n<meta property=\"article:modified_time\" content=\"2026-03-12T01:16:25+00:00\" \/>\n<meta name=\"twitter:card\" content=\"summary_large_image\" \/>\n<meta name=\"twitter:label1\" content=\"Tiempo de lectura\" \/>\n\t<meta name=\"twitter:data1\" content=\"1 minuto\" \/>\n<script type=\"application\/ld+json\" class=\"yoast-schema-graph\">{\"@context\":\"https:\/\/schema.org\",\"@graph\":[{\"@type\":\"WebPage\",\"@id\":\"https:\/\/vandvingetek.com\/index.php\/servicios\/\",\"url\":\"https:\/\/vandvingetek.com\/index.php\/servicios\/\",\"name\":\"Servicios - VANDV INGENIERIA\",\"isPartOf\":{\"@id\":\"https:\/\/vandvingetek.com\/#website\"},\"datePublished\":\"2026-01-14T05:00:53+00:00\",\"dateModified\":\"2026-03-12T01:16:25+00:00\",\"breadcrumb\":{\"@id\":\"https:\/\/vandvingetek.com\/index.php\/servicios\/#breadcrumb\"},\"inLanguage\":\"es\",\"potentialAction\":[{\"@type\":\"ReadAction\",\"target\":[\"https:\/\/vandvingetek.com\/index.php\/servicios\/\"]}]},{\"@type\":\"BreadcrumbList\",\"@id\":\"https:\/\/vandvingetek.com\/index.php\/servicios\/#breadcrumb\",\"itemListElement\":[{\"@type\":\"ListItem\",\"position\":1,\"name\":\"Portada\",\"item\":\"https:\/\/vandvingetek.com\/\"},{\"@type\":\"ListItem\",\"position\":2,\"name\":\"Servicios\"}]},{\"@type\":\"WebSite\",\"@id\":\"https:\/\/vandvingetek.com\/#website\",\"url\":\"https:\/\/vandvingetek.com\/\",\"name\":\"VANDV INGENIERIA\",\"description\":\"\",\"publisher\":{\"@id\":\"https:\/\/vandvingetek.com\/#organization\"},\"potentialAction\":[{\"@type\":\"SearchAction\",\"target\":{\"@type\":\"EntryPoint\",\"urlTemplate\":\"https:\/\/vandvingetek.com\/?s={search_term_string}\"},\"query-input\":{\"@type\":\"PropertyValueSpecification\",\"valueRequired\":true,\"valueName\":\"search_term_string\"}}],\"inLanguage\":\"es\"},{\"@type\":\"Organization\",\"@id\":\"https:\/\/vandvingetek.com\/#organization\",\"name\":\"VANDV INGENIERIA\",\"url\":\"https:\/\/vandvingetek.com\/\",\"logo\":{\"@type\":\"ImageObject\",\"inLanguage\":\"es\",\"@id\":\"https:\/\/vandvingetek.com\/#\/schema\/logo\/image\/\",\"url\":\"https:\/\/vandvingetek.com\/wp-content\/uploads\/2026\/01\/logo-vandv-ingtek-01_v2-06-scaled.png\",\"contentUrl\":\"https:\/\/vandvingetek.com\/wp-content\/uploads\/2026\/01\/logo-vandv-ingtek-01_v2-06-scaled.png\",\"width\":2560,\"height\":555,\"caption\":\"VANDV INGENIERIA\"},\"image\":{\"@id\":\"https:\/\/vandvingetek.com\/#\/schema\/logo\/image\/\"}}]}<\/script>\n<!-- \/ Yoast SEO plugin. -->","yoast_head_json":{"title":"Servicios - VANDV INGENIERIA","robots":{"index":"index","follow":"follow","max-snippet":"max-snippet:-1","max-image-preview":"max-image-preview:large","max-video-preview":"max-video-preview:-1"},"canonical":"https:\/\/vandvingetek.com\/index.php\/servicios\/","og_locale":"es_ES","og_type":"article","og_title":"Servicios - VANDV INGENIERIA","og_description":"Soluciones Industriales Ingenier\u00eda de Ductos Diagn\u00f3stico, Pron\u00f3stico y Planificaci\u00f3n deIntegridad Inspecciones ILI: An\u00e1lisis de Datos Inspecciones US Monitoreo Corrosi\u00f3nmediante Cupones An\u00e1lisis de fallas deductos mineros MonitoreoF\u00edsico-Qu\u00edmico-Microbiol\u00f3gico Asesor\u00eda Ambiental Consultar a un especialista Cu\u00e9ntenos brevemente c\u00f3mo podemos ayudarle. Respondemos en 24\u201348 hrs. contacto@vandvingenieria.com","og_url":"https:\/\/vandvingetek.com\/index.php\/servicios\/","og_site_name":"VANDV INGENIERIA","article_modified_time":"2026-03-12T01:16:25+00:00","twitter_card":"summary_large_image","twitter_misc":{"Tiempo de lectura":"1 minuto"},"schema":{"@context":"https:\/\/schema.org","@graph":[{"@type":"WebPage","@id":"https:\/\/vandvingetek.com\/index.php\/servicios\/","url":"https:\/\/vandvingetek.com\/index.php\/servicios\/","name":"Servicios - VANDV INGENIERIA","isPartOf":{"@id":"https:\/\/vandvingetek.com\/#website"},"datePublished":"2026-01-14T05:00:53+00:00","dateModified":"2026-03-12T01:16:25+00:00","breadcrumb":{"@id":"https:\/\/vandvingetek.com\/index.php\/servicios\/#breadcrumb"},"inLanguage":"es","potentialAction":[{"@type":"ReadAction","target":["https:\/\/vandvingetek.com\/index.php\/servicios\/"]}]},{"@type":"BreadcrumbList","@id":"https:\/\/vandvingetek.com\/index.php\/servicios\/#breadcrumb","itemListElement":[{"@type":"ListItem","position":1,"name":"Portada","item":"https:\/\/vandvingetek.com\/"},{"@type":"ListItem","position":2,"name":"Servicios"}]},{"@type":"WebSite","@id":"https:\/\/vandvingetek.com\/#website","url":"https:\/\/vandvingetek.com\/","name":"VANDV INGENIERIA","description":"","publisher":{"@id":"https:\/\/vandvingetek.com\/#organization"},"potentialAction":[{"@type":"SearchAction","target":{"@type":"EntryPoint","urlTemplate":"https:\/\/vandvingetek.com\/?s={search_term_string}"},"query-input":{"@type":"PropertyValueSpecification","valueRequired":true,"valueName":"search_term_string"}}],"inLanguage":"es"},{"@type":"Organization","@id":"https:\/\/vandvingetek.com\/#organization","name":"VANDV INGENIERIA","url":"https:\/\/vandvingetek.com\/","logo":{"@type":"ImageObject","inLanguage":"es","@id":"https:\/\/vandvingetek.com\/#\/schema\/logo\/image\/","url":"https:\/\/vandvingetek.com\/wp-content\/uploads\/2026\/01\/logo-vandv-ingtek-01_v2-06-scaled.png","contentUrl":"https:\/\/vandvingetek.com\/wp-content\/uploads\/2026\/01\/logo-vandv-ingtek-01_v2-06-scaled.png","width":2560,"height":555,"caption":"VANDV INGENIERIA"},"image":{"@id":"https:\/\/vandvingetek.com\/#\/schema\/logo\/image\/"}}]}},"_links":{"self":[{"href":"https:\/\/vandvingetek.com\/index.php\/wp-json\/wp\/v2\/pages\/485","targetHints":{"allow":["GET"]}}],"collection":[{"href":"https:\/\/vandvingetek.com\/index.php\/wp-json\/wp\/v2\/pages"}],"about":[{"href":"https:\/\/vandvingetek.com\/index.php\/wp-json\/wp\/v2\/types\/page"}],"author":[{"embeddable":true,"href":"https:\/\/vandvingetek.com\/index.php\/wp-json\/wp\/v2\/users\/1"}],"replies":[{"embeddable":true,"href":"https:\/\/vandvingetek.com\/index.php\/wp-json\/wp\/v2\/comments?post=485"}],"version-history":[{"count":84,"href":"https:\/\/vandvingetek.com\/index.php\/wp-json\/wp\/v2\/pages\/485\/revisions"}],"predecessor-version":[{"id":1020,"href":"https:\/\/vandvingetek.com\/index.php\/wp-json\/wp\/v2\/pages\/485\/revisions\/1020"}],"wp:attachment":[{"href":"https:\/\/vandvingetek.com\/index.php\/wp-json\/wp\/v2\/media?parent=485"}],"curies":[{"name":"wp","href":"https:\/\/api.w.org\/{rel}","templated":true}]}}