{"id":874,"date":"2026-01-16T01:12:25","date_gmt":"2026-01-16T01:12:25","guid":{"rendered":"https:\/\/vandvingetek.com\/?page_id=874"},"modified":"2026-03-18T16:22:00","modified_gmt":"2026-03-18T16:22:00","slug":"inspecciones-ili-analisis-de-datos","status":"publish","type":"page","link":"https:\/\/vandvingetek.com\/index.php\/inspecciones-ili-analisis-de-datos\/","title":{"rendered":"Inspecciones ILI: An\u00e1lisis de Datos"},"content":{"rendered":"\n<div class=\"gb-element-8cb513e5\"><\/div>\n\n\n\n<div class=\"gb-element-e8420fc5\">\n<div class=\"gb-element-a52a3def\">\n<div class=\"gb-element-f5bd9dbe\">\n<div class=\"gb-element-8fcb422f\">\n<h2 class=\"gb-text gb-text-a79e8059\"><strong>Inspecciones ILI: An\u00e1lisis de Datos<\/strong><\/h2>\n\n\n\n<p class=\"gb-text gb-text-121ae363\">El An\u00e1lisis de datos de las Inspecciones en L\u00ednea de Ductos consiste en transformar la informaci\u00f3n obtenida por herramientas de inspecci\u00f3n avanzada en diagn\u00f3sticos precisos, pron\u00f3sticos de falla y planes de acci\u00f3n que protegen la integridad del sistema. Permite identificar zonas de alta consecuencia, anticipar sus riesgos, optimizar mantenimiento y asegurar una operaci\u00f3n minera m\u00e1s segura, eficiente y confiable<br><\/p>\n<\/div>\n\n\n\n<div class=\"gb-element-f6be6cb5\">\n<figure class=\"wp-block-image size-large is-resized\"><img loading=\"lazy\" decoding=\"async\" width=\"1024\" height=\"576\" src=\"https:\/\/vandvingetek.com\/wp-content\/uploads\/2026\/01\/servicios_03_vandving-1024x576.jpg\" alt=\"servicios_03_vandving\" class=\"wp-image-238\" style=\"object-fit:cover;width:400px;height:400px\" srcset=\"https:\/\/vandvingetek.com\/wp-content\/uploads\/2026\/01\/servicios_03_vandving-1024x576.jpg 1024w, https:\/\/vandvingetek.com\/wp-content\/uploads\/2026\/01\/servicios_03_vandving-300x169.jpg 300w, https:\/\/vandvingetek.com\/wp-content\/uploads\/2026\/01\/servicios_03_vandving-768x432.jpg 768w, https:\/\/vandvingetek.com\/wp-content\/uploads\/2026\/01\/servicios_03_vandving-1536x864.jpg 1536w, https:\/\/vandvingetek.com\/wp-content\/uploads\/2026\/01\/servicios_03_vandving.jpg 1920w\" sizes=\"auto, (max-width: 1024px) 100vw, 1024px\" \/><\/figure>\n<\/div>\n<\/div>\n<\/div>\n<\/div>\n","protected":false},"excerpt":{"rendered":"<p>Inspecciones ILI: An\u00e1lisis de Datos El An\u00e1lisis de datos de las Inspecciones en L\u00ednea de Ductos consiste en transformar la informaci\u00f3n obtenida por herramientas de inspecci\u00f3n avanzada en diagn\u00f3sticos precisos, pron\u00f3sticos de falla y planes de acci\u00f3n que protegen la integridad del sistema. Permite identificar zonas de alta consecuencia, anticipar sus riesgos, optimizar mantenimiento y &#8230; <a title=\"Inspecciones ILI: An\u00e1lisis de Datos\" class=\"read-more\" href=\"https:\/\/vandvingetek.com\/index.php\/inspecciones-ili-analisis-de-datos\/\" aria-label=\"M\u00e1s en Inspecciones ILI: An\u00e1lisis de Datos\">Leer m\u00e1s<\/a><\/p>\n","protected":false},"author":1,"featured_media":0,"parent":0,"menu_order":0,"comment_status":"closed","ping_status":"closed","template":"","meta":{"footnotes":""},"class_list":["post-874","page","type-page","status-publish"],"yoast_head":"<!-- This site is optimized with the Yoast SEO plugin v26.7 - https:\/\/yoast.com\/wordpress\/plugins\/seo\/ -->\n<title>Inspecciones ILI: An\u00e1lisis de Datos - VANDV INGENIERIA<\/title>\n<meta name=\"robots\" content=\"index, follow, max-snippet:-1, max-image-preview:large, max-video-preview:-1\" \/>\n<link rel=\"canonical\" href=\"https:\/\/vandvingetek.com\/index.php\/inspecciones-ili-analisis-de-datos\/\" \/>\n<meta property=\"og:locale\" content=\"es_ES\" \/>\n<meta property=\"og:type\" content=\"article\" \/>\n<meta property=\"og:title\" content=\"Inspecciones ILI: An\u00e1lisis de Datos - VANDV INGENIERIA\" \/>\n<meta property=\"og:description\" content=\"Inspecciones ILI: An\u00e1lisis de Datos El An\u00e1lisis de datos de las Inspecciones en L\u00ednea de Ductos consiste en transformar la informaci\u00f3n obtenida por herramientas de inspecci\u00f3n avanzada en diagn\u00f3sticos precisos, pron\u00f3sticos de falla y planes de acci\u00f3n que protegen la integridad del sistema. Permite identificar zonas de alta consecuencia, anticipar sus riesgos, optimizar mantenimiento y ... Leer m\u00e1s\" \/>\n<meta property=\"og:url\" content=\"https:\/\/vandvingetek.com\/index.php\/inspecciones-ili-analisis-de-datos\/\" \/>\n<meta property=\"og:site_name\" content=\"VANDV INGENIERIA\" \/>\n<meta property=\"article:modified_time\" content=\"2026-03-18T16:22:00+00:00\" \/>\n<meta property=\"og:image\" content=\"https:\/\/vandvingetek.com\/wp-content\/uploads\/2026\/01\/servicios_03_vandving.jpg\" \/>\n\t<meta property=\"og:image:width\" content=\"1920\" \/>\n\t<meta property=\"og:image:height\" content=\"1080\" \/>\n\t<meta property=\"og:image:type\" content=\"image\/jpeg\" \/>\n<meta name=\"twitter:card\" content=\"summary_large_image\" \/>\n<meta name=\"twitter:label1\" content=\"Tiempo de lectura\" \/>\n\t<meta name=\"twitter:data1\" content=\"1 minuto\" \/>\n<script type=\"application\/ld+json\" class=\"yoast-schema-graph\">{\"@context\":\"https:\/\/schema.org\",\"@graph\":[{\"@type\":\"WebPage\",\"@id\":\"https:\/\/vandvingetek.com\/index.php\/inspecciones-ili-analisis-de-datos\/\",\"url\":\"https:\/\/vandvingetek.com\/index.php\/inspecciones-ili-analisis-de-datos\/\",\"name\":\"Inspecciones ILI: An\u00e1lisis de Datos - VANDV INGENIERIA\",\"isPartOf\":{\"@id\":\"https:\/\/vandvingetek.com\/#website\"},\"primaryImageOfPage\":{\"@id\":\"https:\/\/vandvingetek.com\/index.php\/inspecciones-ili-analisis-de-datos\/#primaryimage\"},\"image\":{\"@id\":\"https:\/\/vandvingetek.com\/index.php\/inspecciones-ili-analisis-de-datos\/#primaryimage\"},\"thumbnailUrl\":\"https:\/\/vandvingetek.com\/wp-content\/uploads\/2026\/01\/servicios_03_vandving-1024x576.jpg\",\"datePublished\":\"2026-01-16T01:12:25+00:00\",\"dateModified\":\"2026-03-18T16:22:00+00:00\",\"breadcrumb\":{\"@id\":\"https:\/\/vandvingetek.com\/index.php\/inspecciones-ili-analisis-de-datos\/#breadcrumb\"},\"inLanguage\":\"es\",\"potentialAction\":[{\"@type\":\"ReadAction\",\"target\":[\"https:\/\/vandvingetek.com\/index.php\/inspecciones-ili-analisis-de-datos\/\"]}]},{\"@type\":\"ImageObject\",\"inLanguage\":\"es\",\"@id\":\"https:\/\/vandvingetek.com\/index.php\/inspecciones-ili-analisis-de-datos\/#primaryimage\",\"url\":\"https:\/\/vandvingetek.com\/wp-content\/uploads\/2026\/01\/servicios_03_vandving.jpg\",\"contentUrl\":\"https:\/\/vandvingetek.com\/wp-content\/uploads\/2026\/01\/servicios_03_vandving.jpg\",\"width\":1920,\"height\":1080,\"caption\":\"servicios_03_vandving\"},{\"@type\":\"BreadcrumbList\",\"@id\":\"https:\/\/vandvingetek.com\/index.php\/inspecciones-ili-analisis-de-datos\/#breadcrumb\",\"itemListElement\":[{\"@type\":\"ListItem\",\"position\":1,\"name\":\"Portada\",\"item\":\"https:\/\/vandvingetek.com\/\"},{\"@type\":\"ListItem\",\"position\":2,\"name\":\"Inspecciones ILI: An\u00e1lisis de Datos\"}]},{\"@type\":\"WebSite\",\"@id\":\"https:\/\/vandvingetek.com\/#website\",\"url\":\"https:\/\/vandvingetek.com\/\",\"name\":\"VANDV INGENIERIA\",\"description\":\"\",\"publisher\":{\"@id\":\"https:\/\/vandvingetek.com\/#organization\"},\"potentialAction\":[{\"@type\":\"SearchAction\",\"target\":{\"@type\":\"EntryPoint\",\"urlTemplate\":\"https:\/\/vandvingetek.com\/?s={search_term_string}\"},\"query-input\":{\"@type\":\"PropertyValueSpecification\",\"valueRequired\":true,\"valueName\":\"search_term_string\"}}],\"inLanguage\":\"es\"},{\"@type\":\"Organization\",\"@id\":\"https:\/\/vandvingetek.com\/#organization\",\"name\":\"VANDV INGENIERIA\",\"url\":\"https:\/\/vandvingetek.com\/\",\"logo\":{\"@type\":\"ImageObject\",\"inLanguage\":\"es\",\"@id\":\"https:\/\/vandvingetek.com\/#\/schema\/logo\/image\/\",\"url\":\"https:\/\/vandvingetek.com\/wp-content\/uploads\/2026\/01\/logo-vandv-ingtek-01_v2-06-scaled.png\",\"contentUrl\":\"https:\/\/vandvingetek.com\/wp-content\/uploads\/2026\/01\/logo-vandv-ingtek-01_v2-06-scaled.png\",\"width\":2560,\"height\":555,\"caption\":\"VANDV INGENIERIA\"},\"image\":{\"@id\":\"https:\/\/vandvingetek.com\/#\/schema\/logo\/image\/\"}}]}<\/script>\n<!-- \/ Yoast SEO plugin. -->","yoast_head_json":{"title":"Inspecciones ILI: An\u00e1lisis de Datos - VANDV INGENIERIA","robots":{"index":"index","follow":"follow","max-snippet":"max-snippet:-1","max-image-preview":"max-image-preview:large","max-video-preview":"max-video-preview:-1"},"canonical":"https:\/\/vandvingetek.com\/index.php\/inspecciones-ili-analisis-de-datos\/","og_locale":"es_ES","og_type":"article","og_title":"Inspecciones ILI: An\u00e1lisis de Datos - VANDV INGENIERIA","og_description":"Inspecciones ILI: An\u00e1lisis de Datos El An\u00e1lisis de datos de las Inspecciones en L\u00ednea de Ductos consiste en transformar la informaci\u00f3n obtenida por herramientas de inspecci\u00f3n avanzada en diagn\u00f3sticos precisos, pron\u00f3sticos de falla y planes de acci\u00f3n que protegen la integridad del sistema. Permite identificar zonas de alta consecuencia, anticipar sus riesgos, optimizar mantenimiento y ... Leer m\u00e1s","og_url":"https:\/\/vandvingetek.com\/index.php\/inspecciones-ili-analisis-de-datos\/","og_site_name":"VANDV INGENIERIA","article_modified_time":"2026-03-18T16:22:00+00:00","og_image":[{"width":1920,"height":1080,"url":"https:\/\/vandvingetek.com\/wp-content\/uploads\/2026\/01\/servicios_03_vandving.jpg","type":"image\/jpeg"}],"twitter_card":"summary_large_image","twitter_misc":{"Tiempo de lectura":"1 minuto"},"schema":{"@context":"https:\/\/schema.org","@graph":[{"@type":"WebPage","@id":"https:\/\/vandvingetek.com\/index.php\/inspecciones-ili-analisis-de-datos\/","url":"https:\/\/vandvingetek.com\/index.php\/inspecciones-ili-analisis-de-datos\/","name":"Inspecciones ILI: An\u00e1lisis de Datos - VANDV INGENIERIA","isPartOf":{"@id":"https:\/\/vandvingetek.com\/#website"},"primaryImageOfPage":{"@id":"https:\/\/vandvingetek.com\/index.php\/inspecciones-ili-analisis-de-datos\/#primaryimage"},"image":{"@id":"https:\/\/vandvingetek.com\/index.php\/inspecciones-ili-analisis-de-datos\/#primaryimage"},"thumbnailUrl":"https:\/\/vandvingetek.com\/wp-content\/uploads\/2026\/01\/servicios_03_vandving-1024x576.jpg","datePublished":"2026-01-16T01:12:25+00:00","dateModified":"2026-03-18T16:22:00+00:00","breadcrumb":{"@id":"https:\/\/vandvingetek.com\/index.php\/inspecciones-ili-analisis-de-datos\/#breadcrumb"},"inLanguage":"es","potentialAction":[{"@type":"ReadAction","target":["https:\/\/vandvingetek.com\/index.php\/inspecciones-ili-analisis-de-datos\/"]}]},{"@type":"ImageObject","inLanguage":"es","@id":"https:\/\/vandvingetek.com\/index.php\/inspecciones-ili-analisis-de-datos\/#primaryimage","url":"https:\/\/vandvingetek.com\/wp-content\/uploads\/2026\/01\/servicios_03_vandving.jpg","contentUrl":"https:\/\/vandvingetek.com\/wp-content\/uploads\/2026\/01\/servicios_03_vandving.jpg","width":1920,"height":1080,"caption":"servicios_03_vandving"},{"@type":"BreadcrumbList","@id":"https:\/\/vandvingetek.com\/index.php\/inspecciones-ili-analisis-de-datos\/#breadcrumb","itemListElement":[{"@type":"ListItem","position":1,"name":"Portada","item":"https:\/\/vandvingetek.com\/"},{"@type":"ListItem","position":2,"name":"Inspecciones ILI: An\u00e1lisis de Datos"}]},{"@type":"WebSite","@id":"https:\/\/vandvingetek.com\/#website","url":"https:\/\/vandvingetek.com\/","name":"VANDV INGENIERIA","description":"","publisher":{"@id":"https:\/\/vandvingetek.com\/#organization"},"potentialAction":[{"@type":"SearchAction","target":{"@type":"EntryPoint","urlTemplate":"https:\/\/vandvingetek.com\/?s={search_term_string}"},"query-input":{"@type":"PropertyValueSpecification","valueRequired":true,"valueName":"search_term_string"}}],"inLanguage":"es"},{"@type":"Organization","@id":"https:\/\/vandvingetek.com\/#organization","name":"VANDV INGENIERIA","url":"https:\/\/vandvingetek.com\/","logo":{"@type":"ImageObject","inLanguage":"es","@id":"https:\/\/vandvingetek.com\/#\/schema\/logo\/image\/","url":"https:\/\/vandvingetek.com\/wp-content\/uploads\/2026\/01\/logo-vandv-ingtek-01_v2-06-scaled.png","contentUrl":"https:\/\/vandvingetek.com\/wp-content\/uploads\/2026\/01\/logo-vandv-ingtek-01_v2-06-scaled.png","width":2560,"height":555,"caption":"VANDV INGENIERIA"},"image":{"@id":"https:\/\/vandvingetek.com\/#\/schema\/logo\/image\/"}}]}},"_links":{"self":[{"href":"https:\/\/vandvingetek.com\/index.php\/wp-json\/wp\/v2\/pages\/874","targetHints":{"allow":["GET"]}}],"collection":[{"href":"https:\/\/vandvingetek.com\/index.php\/wp-json\/wp\/v2\/pages"}],"about":[{"href":"https:\/\/vandvingetek.com\/index.php\/wp-json\/wp\/v2\/types\/page"}],"author":[{"embeddable":true,"href":"https:\/\/vandvingetek.com\/index.php\/wp-json\/wp\/v2\/users\/1"}],"replies":[{"embeddable":true,"href":"https:\/\/vandvingetek.com\/index.php\/wp-json\/wp\/v2\/comments?post=874"}],"version-history":[{"count":8,"href":"https:\/\/vandvingetek.com\/index.php\/wp-json\/wp\/v2\/pages\/874\/revisions"}],"predecessor-version":[{"id":1231,"href":"https:\/\/vandvingetek.com\/index.php\/wp-json\/wp\/v2\/pages\/874\/revisions\/1231"}],"wp:attachment":[{"href":"https:\/\/vandvingetek.com\/index.php\/wp-json\/wp\/v2\/media?parent=874"}],"curies":[{"name":"wp","href":"https:\/\/api.w.org\/{rel}","templated":true}]}}