{"id":882,"date":"2026-01-16T01:13:41","date_gmt":"2026-01-16T01:13:41","guid":{"rendered":"https:\/\/vandvingetek.com\/?page_id=882"},"modified":"2026-03-18T16:24:11","modified_gmt":"2026-03-18T16:24:11","slug":"monitoreo-fisico-quimico-microbiologico","status":"publish","type":"page","link":"https:\/\/vandvingetek.com\/index.php\/monitoreo-fisico-quimico-microbiologico\/","title":{"rendered":"Monitoreo F\u00edsico-Qu\u00edmico-Microbiol\u00f3gico"},"content":{"rendered":"\n<div class=\"gb-element-022afe16\"><\/div>\n\n\n\n<div class=\"gb-element-ecd7a35c\">\n<div class=\"gb-element-f5b2b89c\">\n<div class=\"gb-element-a52a3def\">\n<div class=\"gb-element-f5bd9dbe\">\n<div class=\"gb-element-8fcb422f\">\n<h2 class=\"gb-text gb-text-a79e8059\"><strong>Monitoreo F\u00edsico-Qu\u00edmico-Microbiol\u00f3gico<\/strong><\/h2>\n\n\n\n<p class=\"gb-text gb-text-121ae363\">El monitoreo f\u00edsico\u2011qu\u00edmico\u2011microbiol\u00f3gico permite evaluar en detalle la calidad del agua y los fluidos que circulan por los ductos, identificando condiciones que aceleran corrosi\u00f3n, incrustaciones o crecimiento microbiano. Esta informaci\u00f3n es clave para establecer el \u201c<strong>Modelo de Corrosi\u00f3n Imperante<\/strong>\u201d, y con ello <strong>anticipar riesgos, proteger la integridad del sistema y optimizar la operaci\u00f3n<\/strong>, asegurando procesos m\u00e1s seguros, eficientes y sostenibles.<\/p>\n\n\n\n<p class=\"has-375578-color has-text-color has-link-color wp-elements-f65ca25203dd55f11e37586460b69433\"><br>El Modelo de Corrosi\u00f3n Imperante es una herramienta que identifica y describe el tipo de corrosi\u00f3n que domina en un ducto o sistema de transporte de fluidos. Integra variables f\u00edsicas, qu\u00edmicas y operacionales para <strong>anticipar el comportamiento del deterioro, optimizar estrategias de mantenimiento y proteger la integridad del activo<\/strong>, asegurando una operaci\u00f3n minera m\u00e1s segura, eficiente y predecible<br><br><br><\/p>\n<\/div>\n\n\n\n<div class=\"gb-element-f6be6cb5\">\n<figure class=\"wp-block-image size-full is-resized\"><img loading=\"lazy\" decoding=\"async\" width=\"1080\" height=\"1080\" src=\"https:\/\/vandvingetek.com\/wp-content\/uploads\/2026\/01\/servicios_06_vandving.jpg\" alt=\"servicios_06_vandving\" class=\"wp-image-921\" style=\"object-fit:cover;width:400px;height:400px\" srcset=\"https:\/\/vandvingetek.com\/wp-content\/uploads\/2026\/01\/servicios_06_vandving.jpg 1080w, https:\/\/vandvingetek.com\/wp-content\/uploads\/2026\/01\/servicios_06_vandving-300x300.jpg 300w, https:\/\/vandvingetek.com\/wp-content\/uploads\/2026\/01\/servicios_06_vandving-1024x1024.jpg 1024w, https:\/\/vandvingetek.com\/wp-content\/uploads\/2026\/01\/servicios_06_vandving-150x150.jpg 150w, https:\/\/vandvingetek.com\/wp-content\/uploads\/2026\/01\/servicios_06_vandving-768x768.jpg 768w\" sizes=\"auto, (max-width: 1080px) 100vw, 1080px\" \/><\/figure>\n<\/div>\n<\/div>\n<\/div>\n<\/div>\n<\/div>\n","protected":false},"excerpt":{"rendered":"<p>Monitoreo F\u00edsico-Qu\u00edmico-Microbiol\u00f3gico El monitoreo f\u00edsico\u2011qu\u00edmico\u2011microbiol\u00f3gico permite evaluar en detalle la calidad del agua y los fluidos que circulan por los ductos, identificando condiciones que aceleran corrosi\u00f3n, incrustaciones o crecimiento microbiano. Esta informaci\u00f3n es clave para establecer el \u201cModelo de Corrosi\u00f3n Imperante\u201d, y con ello anticipar riesgos, proteger la integridad del sistema y optimizar la operaci\u00f3n, &#8230; <a title=\"Monitoreo F\u00edsico-Qu\u00edmico-Microbiol\u00f3gico\" class=\"read-more\" href=\"https:\/\/vandvingetek.com\/index.php\/monitoreo-fisico-quimico-microbiologico\/\" aria-label=\"M\u00e1s en Monitoreo F\u00edsico-Qu\u00edmico-Microbiol\u00f3gico\">Leer m\u00e1s<\/a><\/p>\n","protected":false},"author":1,"featured_media":0,"parent":0,"menu_order":0,"comment_status":"closed","ping_status":"closed","template":"","meta":{"footnotes":""},"class_list":["post-882","page","type-page","status-publish"],"yoast_head":"<!-- This site is optimized with the Yoast SEO plugin v26.7 - https:\/\/yoast.com\/wordpress\/plugins\/seo\/ -->\n<title>Monitoreo F\u00edsico-Qu\u00edmico-Microbiol\u00f3gico - VANDV INGENIERIA<\/title>\n<meta name=\"robots\" content=\"index, follow, max-snippet:-1, max-image-preview:large, max-video-preview:-1\" \/>\n<link rel=\"canonical\" href=\"https:\/\/vandvingetek.com\/index.php\/monitoreo-fisico-quimico-microbiologico\/\" \/>\n<meta property=\"og:locale\" content=\"es_ES\" \/>\n<meta property=\"og:type\" content=\"article\" \/>\n<meta property=\"og:title\" content=\"Monitoreo F\u00edsico-Qu\u00edmico-Microbiol\u00f3gico - VANDV INGENIERIA\" \/>\n<meta property=\"og:description\" content=\"Monitoreo F\u00edsico-Qu\u00edmico-Microbiol\u00f3gico El monitoreo f\u00edsico\u2011qu\u00edmico\u2011microbiol\u00f3gico permite evaluar en detalle la calidad del agua y los fluidos que circulan por los ductos, identificando condiciones que aceleran corrosi\u00f3n, incrustaciones o crecimiento microbiano. Esta informaci\u00f3n es clave para establecer el \u201cModelo de Corrosi\u00f3n Imperante\u201d, y con ello anticipar riesgos, proteger la integridad del sistema y optimizar la operaci\u00f3n, ... Leer m\u00e1s\" \/>\n<meta property=\"og:url\" content=\"https:\/\/vandvingetek.com\/index.php\/monitoreo-fisico-quimico-microbiologico\/\" \/>\n<meta property=\"og:site_name\" content=\"VANDV INGENIERIA\" \/>\n<meta property=\"article:modified_time\" content=\"2026-03-18T16:24:11+00:00\" \/>\n<meta property=\"og:image\" content=\"https:\/\/vandvingetek.com\/wp-content\/uploads\/2026\/01\/servicios_06_vandving.jpg\" \/>\n\t<meta property=\"og:image:width\" content=\"1080\" \/>\n\t<meta property=\"og:image:height\" content=\"1080\" \/>\n\t<meta property=\"og:image:type\" content=\"image\/jpeg\" \/>\n<meta name=\"twitter:card\" content=\"summary_large_image\" \/>\n<meta name=\"twitter:label1\" content=\"Tiempo de lectura\" \/>\n\t<meta name=\"twitter:data1\" content=\"1 minuto\" \/>\n<script type=\"application\/ld+json\" class=\"yoast-schema-graph\">{\"@context\":\"https:\/\/schema.org\",\"@graph\":[{\"@type\":\"WebPage\",\"@id\":\"https:\/\/vandvingetek.com\/index.php\/monitoreo-fisico-quimico-microbiologico\/\",\"url\":\"https:\/\/vandvingetek.com\/index.php\/monitoreo-fisico-quimico-microbiologico\/\",\"name\":\"Monitoreo F\u00edsico-Qu\u00edmico-Microbiol\u00f3gico - VANDV INGENIERIA\",\"isPartOf\":{\"@id\":\"https:\/\/vandvingetek.com\/#website\"},\"primaryImageOfPage\":{\"@id\":\"https:\/\/vandvingetek.com\/index.php\/monitoreo-fisico-quimico-microbiologico\/#primaryimage\"},\"image\":{\"@id\":\"https:\/\/vandvingetek.com\/index.php\/monitoreo-fisico-quimico-microbiologico\/#primaryimage\"},\"thumbnailUrl\":\"https:\/\/vandvingetek.com\/wp-content\/uploads\/2026\/01\/servicios_06_vandving.jpg\",\"datePublished\":\"2026-01-16T01:13:41+00:00\",\"dateModified\":\"2026-03-18T16:24:11+00:00\",\"breadcrumb\":{\"@id\":\"https:\/\/vandvingetek.com\/index.php\/monitoreo-fisico-quimico-microbiologico\/#breadcrumb\"},\"inLanguage\":\"es\",\"potentialAction\":[{\"@type\":\"ReadAction\",\"target\":[\"https:\/\/vandvingetek.com\/index.php\/monitoreo-fisico-quimico-microbiologico\/\"]}]},{\"@type\":\"ImageObject\",\"inLanguage\":\"es\",\"@id\":\"https:\/\/vandvingetek.com\/index.php\/monitoreo-fisico-quimico-microbiologico\/#primaryimage\",\"url\":\"https:\/\/vandvingetek.com\/wp-content\/uploads\/2026\/01\/servicios_06_vandving.jpg\",\"contentUrl\":\"https:\/\/vandvingetek.com\/wp-content\/uploads\/2026\/01\/servicios_06_vandving.jpg\",\"width\":1080,\"height\":1080,\"caption\":\"servicios_06_vandving\"},{\"@type\":\"BreadcrumbList\",\"@id\":\"https:\/\/vandvingetek.com\/index.php\/monitoreo-fisico-quimico-microbiologico\/#breadcrumb\",\"itemListElement\":[{\"@type\":\"ListItem\",\"position\":1,\"name\":\"Portada\",\"item\":\"https:\/\/vandvingetek.com\/\"},{\"@type\":\"ListItem\",\"position\":2,\"name\":\"Monitoreo F\u00edsico-Qu\u00edmico-Microbiol\u00f3gico\"}]},{\"@type\":\"WebSite\",\"@id\":\"https:\/\/vandvingetek.com\/#website\",\"url\":\"https:\/\/vandvingetek.com\/\",\"name\":\"VANDV INGENIERIA\",\"description\":\"\",\"publisher\":{\"@id\":\"https:\/\/vandvingetek.com\/#organization\"},\"potentialAction\":[{\"@type\":\"SearchAction\",\"target\":{\"@type\":\"EntryPoint\",\"urlTemplate\":\"https:\/\/vandvingetek.com\/?s={search_term_string}\"},\"query-input\":{\"@type\":\"PropertyValueSpecification\",\"valueRequired\":true,\"valueName\":\"search_term_string\"}}],\"inLanguage\":\"es\"},{\"@type\":\"Organization\",\"@id\":\"https:\/\/vandvingetek.com\/#organization\",\"name\":\"VANDV INGENIERIA\",\"url\":\"https:\/\/vandvingetek.com\/\",\"logo\":{\"@type\":\"ImageObject\",\"inLanguage\":\"es\",\"@id\":\"https:\/\/vandvingetek.com\/#\/schema\/logo\/image\/\",\"url\":\"https:\/\/vandvingetek.com\/wp-content\/uploads\/2026\/01\/logo-vandv-ingtek-01_v2-06-scaled.png\",\"contentUrl\":\"https:\/\/vandvingetek.com\/wp-content\/uploads\/2026\/01\/logo-vandv-ingtek-01_v2-06-scaled.png\",\"width\":2560,\"height\":555,\"caption\":\"VANDV INGENIERIA\"},\"image\":{\"@id\":\"https:\/\/vandvingetek.com\/#\/schema\/logo\/image\/\"}}]}<\/script>\n<!-- \/ Yoast SEO plugin. -->","yoast_head_json":{"title":"Monitoreo F\u00edsico-Qu\u00edmico-Microbiol\u00f3gico - VANDV INGENIERIA","robots":{"index":"index","follow":"follow","max-snippet":"max-snippet:-1","max-image-preview":"max-image-preview:large","max-video-preview":"max-video-preview:-1"},"canonical":"https:\/\/vandvingetek.com\/index.php\/monitoreo-fisico-quimico-microbiologico\/","og_locale":"es_ES","og_type":"article","og_title":"Monitoreo F\u00edsico-Qu\u00edmico-Microbiol\u00f3gico - VANDV INGENIERIA","og_description":"Monitoreo F\u00edsico-Qu\u00edmico-Microbiol\u00f3gico El monitoreo f\u00edsico\u2011qu\u00edmico\u2011microbiol\u00f3gico permite evaluar en detalle la calidad del agua y los fluidos que circulan por los ductos, identificando condiciones que aceleran corrosi\u00f3n, incrustaciones o crecimiento microbiano. Esta informaci\u00f3n es clave para establecer el \u201cModelo de Corrosi\u00f3n Imperante\u201d, y con ello anticipar riesgos, proteger la integridad del sistema y optimizar la operaci\u00f3n, ... Leer m\u00e1s","og_url":"https:\/\/vandvingetek.com\/index.php\/monitoreo-fisico-quimico-microbiologico\/","og_site_name":"VANDV INGENIERIA","article_modified_time":"2026-03-18T16:24:11+00:00","og_image":[{"width":1080,"height":1080,"url":"https:\/\/vandvingetek.com\/wp-content\/uploads\/2026\/01\/servicios_06_vandving.jpg","type":"image\/jpeg"}],"twitter_card":"summary_large_image","twitter_misc":{"Tiempo de lectura":"1 minuto"},"schema":{"@context":"https:\/\/schema.org","@graph":[{"@type":"WebPage","@id":"https:\/\/vandvingetek.com\/index.php\/monitoreo-fisico-quimico-microbiologico\/","url":"https:\/\/vandvingetek.com\/index.php\/monitoreo-fisico-quimico-microbiologico\/","name":"Monitoreo F\u00edsico-Qu\u00edmico-Microbiol\u00f3gico - VANDV INGENIERIA","isPartOf":{"@id":"https:\/\/vandvingetek.com\/#website"},"primaryImageOfPage":{"@id":"https:\/\/vandvingetek.com\/index.php\/monitoreo-fisico-quimico-microbiologico\/#primaryimage"},"image":{"@id":"https:\/\/vandvingetek.com\/index.php\/monitoreo-fisico-quimico-microbiologico\/#primaryimage"},"thumbnailUrl":"https:\/\/vandvingetek.com\/wp-content\/uploads\/2026\/01\/servicios_06_vandving.jpg","datePublished":"2026-01-16T01:13:41+00:00","dateModified":"2026-03-18T16:24:11+00:00","breadcrumb":{"@id":"https:\/\/vandvingetek.com\/index.php\/monitoreo-fisico-quimico-microbiologico\/#breadcrumb"},"inLanguage":"es","potentialAction":[{"@type":"ReadAction","target":["https:\/\/vandvingetek.com\/index.php\/monitoreo-fisico-quimico-microbiologico\/"]}]},{"@type":"ImageObject","inLanguage":"es","@id":"https:\/\/vandvingetek.com\/index.php\/monitoreo-fisico-quimico-microbiologico\/#primaryimage","url":"https:\/\/vandvingetek.com\/wp-content\/uploads\/2026\/01\/servicios_06_vandving.jpg","contentUrl":"https:\/\/vandvingetek.com\/wp-content\/uploads\/2026\/01\/servicios_06_vandving.jpg","width":1080,"height":1080,"caption":"servicios_06_vandving"},{"@type":"BreadcrumbList","@id":"https:\/\/vandvingetek.com\/index.php\/monitoreo-fisico-quimico-microbiologico\/#breadcrumb","itemListElement":[{"@type":"ListItem","position":1,"name":"Portada","item":"https:\/\/vandvingetek.com\/"},{"@type":"ListItem","position":2,"name":"Monitoreo F\u00edsico-Qu\u00edmico-Microbiol\u00f3gico"}]},{"@type":"WebSite","@id":"https:\/\/vandvingetek.com\/#website","url":"https:\/\/vandvingetek.com\/","name":"VANDV INGENIERIA","description":"","publisher":{"@id":"https:\/\/vandvingetek.com\/#organization"},"potentialAction":[{"@type":"SearchAction","target":{"@type":"EntryPoint","urlTemplate":"https:\/\/vandvingetek.com\/?s={search_term_string}"},"query-input":{"@type":"PropertyValueSpecification","valueRequired":true,"valueName":"search_term_string"}}],"inLanguage":"es"},{"@type":"Organization","@id":"https:\/\/vandvingetek.com\/#organization","name":"VANDV INGENIERIA","url":"https:\/\/vandvingetek.com\/","logo":{"@type":"ImageObject","inLanguage":"es","@id":"https:\/\/vandvingetek.com\/#\/schema\/logo\/image\/","url":"https:\/\/vandvingetek.com\/wp-content\/uploads\/2026\/01\/logo-vandv-ingtek-01_v2-06-scaled.png","contentUrl":"https:\/\/vandvingetek.com\/wp-content\/uploads\/2026\/01\/logo-vandv-ingtek-01_v2-06-scaled.png","width":2560,"height":555,"caption":"VANDV INGENIERIA"},"image":{"@id":"https:\/\/vandvingetek.com\/#\/schema\/logo\/image\/"}}]}},"_links":{"self":[{"href":"https:\/\/vandvingetek.com\/index.php\/wp-json\/wp\/v2\/pages\/882","targetHints":{"allow":["GET"]}}],"collection":[{"href":"https:\/\/vandvingetek.com\/index.php\/wp-json\/wp\/v2\/pages"}],"about":[{"href":"https:\/\/vandvingetek.com\/index.php\/wp-json\/wp\/v2\/types\/page"}],"author":[{"embeddable":true,"href":"https:\/\/vandvingetek.com\/index.php\/wp-json\/wp\/v2\/users\/1"}],"replies":[{"embeddable":true,"href":"https:\/\/vandvingetek.com\/index.php\/wp-json\/wp\/v2\/comments?post=882"}],"version-history":[{"count":7,"href":"https:\/\/vandvingetek.com\/index.php\/wp-json\/wp\/v2\/pages\/882\/revisions"}],"predecessor-version":[{"id":1236,"href":"https:\/\/vandvingetek.com\/index.php\/wp-json\/wp\/v2\/pages\/882\/revisions\/1236"}],"wp:attachment":[{"href":"https:\/\/vandvingetek.com\/index.php\/wp-json\/wp\/v2\/media?parent=882"}],"curies":[{"name":"wp","href":"https:\/\/api.w.org\/{rel}","templated":true}]}}