{"id":884,"date":"2026-01-16T01:14:00","date_gmt":"2026-01-16T01:14:00","guid":{"rendered":"https:\/\/vandvingetek.com\/?page_id=884"},"modified":"2026-03-18T16:24:37","modified_gmt":"2026-03-18T16:24:37","slug":"asesoria-ambiental","status":"publish","type":"page","link":"https:\/\/vandvingetek.com\/index.php\/asesoria-ambiental\/","title":{"rendered":"Asesor\u00eda Ambiental"},"content":{"rendered":"\n<div class=\"gb-element-df542c33\"><\/div>\n\n\n\n<div class=\"gb-element-ed3035de\">\n<div class=\"gb-element-ecd7a35c\">\n<div class=\"gb-element-f5b2b89c\">\n<div class=\"gb-element-a52a3def\">\n<div class=\"gb-element-f5bd9dbe\">\n<div class=\"gb-element-8fcb422f\">\n<h2 class=\"gb-text gb-text-a79e8059\"><strong>Asesor\u00eda Ambiental<\/strong><\/h2>\n\n\n\n<p class=\"gb-text gb-text-121ae363\">La Asesor\u00eda Ambiental entrega apoyo especializado para asegurar que las operaciones cumplan con la normativa vigente, gestionen adecuadamente sus permisos y controlen riesgos asociados a sustancias peligrosas. A trav\u00e9s de un enfoque pr\u00e1ctico y preventivo, permite <strong>operar con seguridad, reducir impactos y garantizar continuidad operacional<\/strong>, fortaleciendo la sostenibilidad y la reputaci\u00f3n de la empresa.<br><\/p>\n<\/div>\n\n\n\n<div class=\"gb-element-f6be6cb5\">\n<figure class=\"wp-block-image size-full is-resized\"><img loading=\"lazy\" decoding=\"async\" width=\"1080\" height=\"1080\" src=\"https:\/\/vandvingetek.com\/wp-content\/uploads\/2026\/01\/servicios_004_vandving.jpg\" alt=\"servicios_004_vandving\" class=\"wp-image-925\" style=\"object-fit:cover;width:400px;height:400px\" srcset=\"https:\/\/vandvingetek.com\/wp-content\/uploads\/2026\/01\/servicios_004_vandving.jpg 1080w, https:\/\/vandvingetek.com\/wp-content\/uploads\/2026\/01\/servicios_004_vandving-300x300.jpg 300w, https:\/\/vandvingetek.com\/wp-content\/uploads\/2026\/01\/servicios_004_vandving-1024x1024.jpg 1024w, https:\/\/vandvingetek.com\/wp-content\/uploads\/2026\/01\/servicios_004_vandving-150x150.jpg 150w, https:\/\/vandvingetek.com\/wp-content\/uploads\/2026\/01\/servicios_004_vandving-768x768.jpg 768w\" sizes=\"auto, (max-width: 1080px) 100vw, 1080px\" \/><\/figure>\n<\/div>\n<\/div>\n<\/div>\n<\/div>\n<\/div>\n<\/div>\n","protected":false},"excerpt":{"rendered":"<p>Asesor\u00eda Ambiental La Asesor\u00eda Ambiental entrega apoyo especializado para asegurar que las operaciones cumplan con la normativa vigente, gestionen adecuadamente sus permisos y controlen riesgos asociados a sustancias peligrosas. A trav\u00e9s de un enfoque pr\u00e1ctico y preventivo, permite operar con seguridad, reducir impactos y garantizar continuidad operacional, fortaleciendo la sostenibilidad y la reputaci\u00f3n de la &#8230; <a title=\"Asesor\u00eda Ambiental\" class=\"read-more\" href=\"https:\/\/vandvingetek.com\/index.php\/asesoria-ambiental\/\" aria-label=\"M\u00e1s en Asesor\u00eda Ambiental\">Leer m\u00e1s<\/a><\/p>\n","protected":false},"author":1,"featured_media":0,"parent":0,"menu_order":0,"comment_status":"closed","ping_status":"closed","template":"","meta":{"footnotes":""},"class_list":["post-884","page","type-page","status-publish"],"yoast_head":"<!-- This site is optimized with the Yoast SEO plugin v26.7 - https:\/\/yoast.com\/wordpress\/plugins\/seo\/ -->\n<title>Asesor\u00eda Ambiental - VANDV INGENIERIA<\/title>\n<meta name=\"robots\" content=\"index, follow, max-snippet:-1, max-image-preview:large, max-video-preview:-1\" \/>\n<link rel=\"canonical\" href=\"https:\/\/vandvingetek.com\/index.php\/asesoria-ambiental\/\" \/>\n<meta property=\"og:locale\" content=\"es_ES\" \/>\n<meta property=\"og:type\" content=\"article\" \/>\n<meta property=\"og:title\" content=\"Asesor\u00eda Ambiental - VANDV INGENIERIA\" \/>\n<meta property=\"og:description\" content=\"Asesor\u00eda Ambiental La Asesor\u00eda Ambiental entrega apoyo especializado para asegurar que las operaciones cumplan con la normativa vigente, gestionen adecuadamente sus permisos y controlen riesgos asociados a sustancias peligrosas. A trav\u00e9s de un enfoque pr\u00e1ctico y preventivo, permite operar con seguridad, reducir impactos y garantizar continuidad operacional, fortaleciendo la sostenibilidad y la reputaci\u00f3n de la ... Leer m\u00e1s\" \/>\n<meta property=\"og:url\" content=\"https:\/\/vandvingetek.com\/index.php\/asesoria-ambiental\/\" \/>\n<meta property=\"og:site_name\" content=\"VANDV INGENIERIA\" \/>\n<meta property=\"article:modified_time\" content=\"2026-03-18T16:24:37+00:00\" \/>\n<meta property=\"og:image\" content=\"https:\/\/vandvingetek.com\/wp-content\/uploads\/2026\/01\/servicios_004_vandving.jpg\" \/>\n\t<meta property=\"og:image:width\" content=\"1080\" \/>\n\t<meta property=\"og:image:height\" content=\"1080\" \/>\n\t<meta property=\"og:image:type\" content=\"image\/jpeg\" \/>\n<meta name=\"twitter:card\" content=\"summary_large_image\" \/>\n<meta name=\"twitter:label1\" content=\"Tiempo de lectura\" \/>\n\t<meta name=\"twitter:data1\" content=\"1 minuto\" \/>\n<script type=\"application\/ld+json\" class=\"yoast-schema-graph\">{\"@context\":\"https:\/\/schema.org\",\"@graph\":[{\"@type\":\"WebPage\",\"@id\":\"https:\/\/vandvingetek.com\/index.php\/asesoria-ambiental\/\",\"url\":\"https:\/\/vandvingetek.com\/index.php\/asesoria-ambiental\/\",\"name\":\"Asesor\u00eda Ambiental - VANDV INGENIERIA\",\"isPartOf\":{\"@id\":\"https:\/\/vandvingetek.com\/#website\"},\"primaryImageOfPage\":{\"@id\":\"https:\/\/vandvingetek.com\/index.php\/asesoria-ambiental\/#primaryimage\"},\"image\":{\"@id\":\"https:\/\/vandvingetek.com\/index.php\/asesoria-ambiental\/#primaryimage\"},\"thumbnailUrl\":\"https:\/\/vandvingetek.com\/wp-content\/uploads\/2026\/01\/servicios_004_vandving.jpg\",\"datePublished\":\"2026-01-16T01:14:00+00:00\",\"dateModified\":\"2026-03-18T16:24:37+00:00\",\"breadcrumb\":{\"@id\":\"https:\/\/vandvingetek.com\/index.php\/asesoria-ambiental\/#breadcrumb\"},\"inLanguage\":\"es\",\"potentialAction\":[{\"@type\":\"ReadAction\",\"target\":[\"https:\/\/vandvingetek.com\/index.php\/asesoria-ambiental\/\"]}]},{\"@type\":\"ImageObject\",\"inLanguage\":\"es\",\"@id\":\"https:\/\/vandvingetek.com\/index.php\/asesoria-ambiental\/#primaryimage\",\"url\":\"https:\/\/vandvingetek.com\/wp-content\/uploads\/2026\/01\/servicios_004_vandving.jpg\",\"contentUrl\":\"https:\/\/vandvingetek.com\/wp-content\/uploads\/2026\/01\/servicios_004_vandving.jpg\",\"width\":1080,\"height\":1080,\"caption\":\"servicios_004_vandving\"},{\"@type\":\"BreadcrumbList\",\"@id\":\"https:\/\/vandvingetek.com\/index.php\/asesoria-ambiental\/#breadcrumb\",\"itemListElement\":[{\"@type\":\"ListItem\",\"position\":1,\"name\":\"Portada\",\"item\":\"https:\/\/vandvingetek.com\/\"},{\"@type\":\"ListItem\",\"position\":2,\"name\":\"Asesor\u00eda Ambiental\"}]},{\"@type\":\"WebSite\",\"@id\":\"https:\/\/vandvingetek.com\/#website\",\"url\":\"https:\/\/vandvingetek.com\/\",\"name\":\"VANDV INGENIERIA\",\"description\":\"\",\"publisher\":{\"@id\":\"https:\/\/vandvingetek.com\/#organization\"},\"potentialAction\":[{\"@type\":\"SearchAction\",\"target\":{\"@type\":\"EntryPoint\",\"urlTemplate\":\"https:\/\/vandvingetek.com\/?s={search_term_string}\"},\"query-input\":{\"@type\":\"PropertyValueSpecification\",\"valueRequired\":true,\"valueName\":\"search_term_string\"}}],\"inLanguage\":\"es\"},{\"@type\":\"Organization\",\"@id\":\"https:\/\/vandvingetek.com\/#organization\",\"name\":\"VANDV INGENIERIA\",\"url\":\"https:\/\/vandvingetek.com\/\",\"logo\":{\"@type\":\"ImageObject\",\"inLanguage\":\"es\",\"@id\":\"https:\/\/vandvingetek.com\/#\/schema\/logo\/image\/\",\"url\":\"https:\/\/vandvingetek.com\/wp-content\/uploads\/2026\/01\/logo-vandv-ingtek-01_v2-06-scaled.png\",\"contentUrl\":\"https:\/\/vandvingetek.com\/wp-content\/uploads\/2026\/01\/logo-vandv-ingtek-01_v2-06-scaled.png\",\"width\":2560,\"height\":555,\"caption\":\"VANDV INGENIERIA\"},\"image\":{\"@id\":\"https:\/\/vandvingetek.com\/#\/schema\/logo\/image\/\"}}]}<\/script>\n<!-- \/ Yoast SEO plugin. -->","yoast_head_json":{"title":"Asesor\u00eda Ambiental - VANDV INGENIERIA","robots":{"index":"index","follow":"follow","max-snippet":"max-snippet:-1","max-image-preview":"max-image-preview:large","max-video-preview":"max-video-preview:-1"},"canonical":"https:\/\/vandvingetek.com\/index.php\/asesoria-ambiental\/","og_locale":"es_ES","og_type":"article","og_title":"Asesor\u00eda Ambiental - VANDV INGENIERIA","og_description":"Asesor\u00eda Ambiental La Asesor\u00eda Ambiental entrega apoyo especializado para asegurar que las operaciones cumplan con la normativa vigente, gestionen adecuadamente sus permisos y controlen riesgos asociados a sustancias peligrosas. A trav\u00e9s de un enfoque pr\u00e1ctico y preventivo, permite operar con seguridad, reducir impactos y garantizar continuidad operacional, fortaleciendo la sostenibilidad y la reputaci\u00f3n de la ... Leer m\u00e1s","og_url":"https:\/\/vandvingetek.com\/index.php\/asesoria-ambiental\/","og_site_name":"VANDV INGENIERIA","article_modified_time":"2026-03-18T16:24:37+00:00","og_image":[{"width":1080,"height":1080,"url":"https:\/\/vandvingetek.com\/wp-content\/uploads\/2026\/01\/servicios_004_vandving.jpg","type":"image\/jpeg"}],"twitter_card":"summary_large_image","twitter_misc":{"Tiempo de lectura":"1 minuto"},"schema":{"@context":"https:\/\/schema.org","@graph":[{"@type":"WebPage","@id":"https:\/\/vandvingetek.com\/index.php\/asesoria-ambiental\/","url":"https:\/\/vandvingetek.com\/index.php\/asesoria-ambiental\/","name":"Asesor\u00eda Ambiental - VANDV INGENIERIA","isPartOf":{"@id":"https:\/\/vandvingetek.com\/#website"},"primaryImageOfPage":{"@id":"https:\/\/vandvingetek.com\/index.php\/asesoria-ambiental\/#primaryimage"},"image":{"@id":"https:\/\/vandvingetek.com\/index.php\/asesoria-ambiental\/#primaryimage"},"thumbnailUrl":"https:\/\/vandvingetek.com\/wp-content\/uploads\/2026\/01\/servicios_004_vandving.jpg","datePublished":"2026-01-16T01:14:00+00:00","dateModified":"2026-03-18T16:24:37+00:00","breadcrumb":{"@id":"https:\/\/vandvingetek.com\/index.php\/asesoria-ambiental\/#breadcrumb"},"inLanguage":"es","potentialAction":[{"@type":"ReadAction","target":["https:\/\/vandvingetek.com\/index.php\/asesoria-ambiental\/"]}]},{"@type":"ImageObject","inLanguage":"es","@id":"https:\/\/vandvingetek.com\/index.php\/asesoria-ambiental\/#primaryimage","url":"https:\/\/vandvingetek.com\/wp-content\/uploads\/2026\/01\/servicios_004_vandving.jpg","contentUrl":"https:\/\/vandvingetek.com\/wp-content\/uploads\/2026\/01\/servicios_004_vandving.jpg","width":1080,"height":1080,"caption":"servicios_004_vandving"},{"@type":"BreadcrumbList","@id":"https:\/\/vandvingetek.com\/index.php\/asesoria-ambiental\/#breadcrumb","itemListElement":[{"@type":"ListItem","position":1,"name":"Portada","item":"https:\/\/vandvingetek.com\/"},{"@type":"ListItem","position":2,"name":"Asesor\u00eda Ambiental"}]},{"@type":"WebSite","@id":"https:\/\/vandvingetek.com\/#website","url":"https:\/\/vandvingetek.com\/","name":"VANDV INGENIERIA","description":"","publisher":{"@id":"https:\/\/vandvingetek.com\/#organization"},"potentialAction":[{"@type":"SearchAction","target":{"@type":"EntryPoint","urlTemplate":"https:\/\/vandvingetek.com\/?s={search_term_string}"},"query-input":{"@type":"PropertyValueSpecification","valueRequired":true,"valueName":"search_term_string"}}],"inLanguage":"es"},{"@type":"Organization","@id":"https:\/\/vandvingetek.com\/#organization","name":"VANDV INGENIERIA","url":"https:\/\/vandvingetek.com\/","logo":{"@type":"ImageObject","inLanguage":"es","@id":"https:\/\/vandvingetek.com\/#\/schema\/logo\/image\/","url":"https:\/\/vandvingetek.com\/wp-content\/uploads\/2026\/01\/logo-vandv-ingtek-01_v2-06-scaled.png","contentUrl":"https:\/\/vandvingetek.com\/wp-content\/uploads\/2026\/01\/logo-vandv-ingtek-01_v2-06-scaled.png","width":2560,"height":555,"caption":"VANDV INGENIERIA"},"image":{"@id":"https:\/\/vandvingetek.com\/#\/schema\/logo\/image\/"}}]}},"_links":{"self":[{"href":"https:\/\/vandvingetek.com\/index.php\/wp-json\/wp\/v2\/pages\/884","targetHints":{"allow":["GET"]}}],"collection":[{"href":"https:\/\/vandvingetek.com\/index.php\/wp-json\/wp\/v2\/pages"}],"about":[{"href":"https:\/\/vandvingetek.com\/index.php\/wp-json\/wp\/v2\/types\/page"}],"author":[{"embeddable":true,"href":"https:\/\/vandvingetek.com\/index.php\/wp-json\/wp\/v2\/users\/1"}],"replies":[{"embeddable":true,"href":"https:\/\/vandvingetek.com\/index.php\/wp-json\/wp\/v2\/comments?post=884"}],"version-history":[{"count":6,"href":"https:\/\/vandvingetek.com\/index.php\/wp-json\/wp\/v2\/pages\/884\/revisions"}],"predecessor-version":[{"id":1237,"href":"https:\/\/vandvingetek.com\/index.php\/wp-json\/wp\/v2\/pages\/884\/revisions\/1237"}],"wp:attachment":[{"href":"https:\/\/vandvingetek.com\/index.php\/wp-json\/wp\/v2\/media?parent=884"}],"curies":[{"name":"wp","href":"https:\/\/api.w.org\/{rel}","templated":true}]}}